{"id":1080,"date":"2023-04-23T13:17:48","date_gmt":"2023-04-23T13:17:48","guid":{"rendered":"https:\/\/www.domainevalga.com\/en\/?page_id=1080"},"modified":"2024-05-30T23:48:13","modified_gmt":"2024-05-30T23:48:13","slug":"infos-pratiques","status":"publish","type":"page","link":"https:\/\/www.domainevalga.com\/en\/infos-pratiques\/","title":{"rendered":"Infos Pratiques"},"content":{"rendered":"<p>[vc_row wrap_container=&#8221;yes&#8221; is_section=&#8221;yes&#8221; remove_margin_top=&#8221;yes&#8221; remove_margin_bottom=&#8221;yes&#8221; remove_padding_top=&#8221;yes&#8221; remove_padding_bottom=&#8221;yes&#8221; remove_border=&#8221;yes&#8221; css=&#8221;.vc_custom_1682257027747{background-color: #ffffff !important;}&#8221;][vc_column][vc_empty_space][vc_custom_heading text=&#8221;Practical information&#8221; font_container=&#8221;tag:h1|font_size:35|text_align:center|line_height:1.2&#8243; use_theme_fonts=&#8221;yes&#8221; font_weight=&#8221;700&#8243; animation_delay=&#8221;100&#8243; el_class=&#8221;mb-3&#8243;][vc_custom_heading text=&#8221;Here you&#8217;ll find all the FAQ (frequently asked questions) about our products and services. If your question is not answered here, please contact us via our contact form, by phone or via Messenger.&#8221; font_container=&#8221;tag:p|font_size:16.8|text_align:center|line_height:32px&#8221; use_theme_fonts=&#8221;yes&#8221; animation_delay=&#8221;400&#8243;][vc_btn title=&#8221;ONLINE FORM&#8221; style=&#8221;outline&#8221; shape=&#8221;rounded&#8221; align=&#8221;center&#8221; skin=&#8221;primary&#8221; animation_delay=&#8221;200&#8243; el_class=&#8221;btn-style-2 hash-scroll-wrap&#8221; link=&#8221;url:https%3A%2F%2Fwww.domainevalga.com%2Fen%2Fnous-joindre%2F|title:contact&#8221;][vc_btn title=&#8221;BY PHONE&#8221; style=&#8221;outline&#8221; shape=&#8221;rounded&#8221; align=&#8221;center&#8221; skin=&#8221;primary&#8221; animation_delay=&#8221;200&#8243; el_class=&#8221;btn-style-2 hash-scroll-wrap&#8221; link=&#8221;url:tel%3A%2B4187394200|title:Par%20t%C3%A9l%C3%A9phone&#8221;][vc_separator color=&#8221;custom&#8221; border_width=&#8221;4&#8243; el_width=&#8221;25&#8243; style=&#8221;solid&#8221; accent_color=&#8221;#ab8b65&#8243;][vc_custom_heading text=&#8221;FAQ: click on the service you have a question about and it will take you straight to the right answers!&#8221; font_container=&#8221;tag:p|font_size:16.8|text_align:center|line_height:32px&#8221; use_theme_fonts=&#8221;yes&#8221; animation_delay=&#8221;400&#8243;][\/vc_column][\/vc_row][vc_row][vc_column width=&#8221;1\/4&#8243;][\/vc_column][vc_column width=&#8221;1\/2&#8243;][vc_toggle title=&#8221;Treetop obstacle course&#8221; el_id=&#8221;parcours-aeriens&#8221;]<strong>Q1: Do we have to pay if we don&#8217;t do the treetop obstacle course?<\/strong><br \/>\n<strong>A1:<\/strong> If you don&#8217;t do any activities and don&#8217;t rent a watercraft, you will only pay the site access fee. This also applies if you just want to enjoy the lake and picnic area.<\/p>\n<p><strong>Q2: How should I dress for the treetop obstacle course?<\/strong><br \/>\n<strong>A2:<\/strong> The most important thing is to wear closed shoes that hold your feet well. You won&#8217;t be able to do the activity if you&#8217;re wearing sandals or open-toed shoes. You need to dress accordingly to the weather, and we recommend avoiding pants that are too short at the thigh. It&#8217;s VERY important to keep your hair tied back.<\/p>\n<p><strong>Q3: Can I bring my dog on site?<\/strong><br \/>\n<strong>A3:<\/strong> Yes, but it must be on a leash and there must always be someone (who is not doing the treetop obstacle course) with the dog.<\/p>\n<p><strong>Q4: Can I accompany people without doing the activity?<\/strong><br \/>\n<strong>A4:<\/strong> Yes, there are trails on the ground that follow all the aerial routes.<\/p>\n<p><strong>Q5: Do I need to make a reservation?<\/strong><br \/>\n<strong>A5:<\/strong> Reservations are required for treetop obstacle course. Please note that you don&#8217;t have to book far in advance, and that we accept same-day reservations by telephone.[\/vc_toggle][vc_toggle title=&#8221;Inn&#8221; el_id=&#8221;auberge&#8221;]<strong>Q1: Is breakfast included in the room rate?<\/strong><br \/>\n<strong>A1:<\/strong> Yes, a full breakfast is always included. It&#8217;s a full breakfast with eggs, meat, potatoes, toasts, coffee and orange juice. In summer, we alternate with pancakes, fruits and our maple syrup.<\/p>\n<p><strong>Q2: Do you accept dogs in the rooms?<\/strong><br \/>\n<strong>A2:<\/strong> No, unfortunately it&#8217;s not possible to book a room with a dog. However, we do accept them in 2 of our cabins.<\/p>\n<p><strong>Q3: Can we bring our own alcohol?<\/strong><br \/>\n<strong>A3:<\/strong> We have a permit to sell alcohol. This means you can&#8217;t consume alcohol purchased elsewhere in the common areas or in the dining room. You may consume it in your room only.<\/p>\n<p><strong>Q4: Are there any activities included with the room?<\/strong><br \/>\n<strong>A4:<\/strong> Kayak and canoe rentals are included with the room, as well as a 15% discount on general admission for treetop obstacle course and paddleboard rentals.<\/p>\n<p><strong>Q5: Can we have dinner on site if we haven&#8217;t booked dinner with the room?<\/strong><br \/>\n<strong>A5:<\/strong> Dinner is by reservation only. If you have already reserved a room without dinner, you must call us at least 24 hours in advance so that we can reserve a place for you.<\/p>\n<p><strong>Q6: Can I choose the dinner menu?<\/strong><br \/>\n<strong>A6:<\/strong> The dinner menu is pre-established in advance. It is a 3-course menu with tea\/coffee included. The menu can be chosen for special events, group bookings, etc. Please ask for details.[\/vc_toggle][vc_toggle title=&#8221;Cabins&#8221;]<strong>Q1: Do you accept dogs in the cabins?<\/strong><br \/>\n<strong>A1:<\/strong> Yes, we accept them in 2 of our cabinss, Le Pinson and Le Rossignol, for an additional fee. Certain conditions apply.<\/p>\n<p><strong>Q2: Are there any activities included with the cabin rental?<\/strong><br \/>\n<strong>A2:<\/strong> Kayak and canoe rentals are included with the cabin, as well as a 15% discount on general admission for treetop obstacle course and paddleboard rentals. If you&#8217;d like to bring our kayaks to your cabin instead of going to the activity reception desk, there are special rental packages available.<\/p>\n<p><strong>Q3: Can I bring my own watercraft (kayak, paddleboard, etc.) to the cabin?<\/strong><br \/>\n<strong>A3:<\/strong> No, we don&#8217;t accept watercrafts from outside.<\/p>\n<p><strong>Q4 : Can I eat at the inn if I&#8217;m renting a cabin?<\/strong><br \/>\n<strong>A4 :<\/strong> Yes, it is possible to book meals at the inn while staying in a cabin, depending on the rental period. Ask about availability when you make your reservation.[\/vc_toggle][vc_toggle title=&#8221;Nautical activities&#8221;]<strong>Q1: Do I need to make a reservation?<\/strong><br \/>\n<strong>A1:<\/strong> It&#8217;s best to make a reservation for watercraft rentals. Please note that you don&#8217;t have to book far in advance, and that we accept same-day reservations by telephone.<\/p>\n<p><strong>Q2: Do I need to bring my personal flotation device (PFD)?<\/strong><br \/>\n<strong>A2:<\/strong> Flotation jackets are included with your watercraft rental. If you wish, you can bring your own.<\/p>\n<p><strong>Q3: Can I bring my own watercraft? (kayak, paddleboard, etc.)<\/strong><br \/>\n<strong>A3:<\/strong> No, we don&#8217;t accept watercrafts from outside.[\/vc_toggle][vc_toggle title=&#8221;Snowmobile\/Relay&#8221;]<strong>Q1: Is breakfast included in the room rate?<\/strong><br \/>\n<strong>A1:<\/strong> Yes, a full breakfast is always included. It&#8217;s a full breakfast with eggs, meat, potatoes, toasts, coffee and orange juice.<\/p>\n<p><strong>Q2: Do you have a dinner package?<\/strong><br \/>\n<strong>A2:<\/strong> Yes, our snowmobile package includes dinner and breakfast.<\/p>\n<p><strong>Q3: Can I choose the dinner menu?<\/strong><br \/>\n<strong>A3:<\/strong> The dinner menu is pre-established in advance. It&#8217;s a 3-course menu with tea\/coffee included. The Saturday evening menu is always Chinese fondue.<\/p>\n<p><strong>Q4: What days is the relay open?<\/strong><br \/>\n<strong>A4:<\/strong> We serve lunch every day 7\/7 from 11a.m. to 2p.m.<\/p>\n<p><strong>Q3: Can we bring our own alcohol?<\/strong><br \/>\n<strong>A3:<\/strong> We have a permit to sell alcohol. This means you can&#8217;t consume alcohol purchased elsewhere in the common areas or in the dining room. You may consume it in your room only.[\/vc_toggle][vc_toggle title=&#8221;Corporate events&#8221;]<strong>Q1: How many people can be accommodated in the meeting room?<\/strong><br \/>\n<strong>A1:<\/strong> It depends on the type of meeting. For a traditional meeting with a U-shaped table, a maximum of twenty people is ideal. But we can accommodate up to 60 people for a meal. We offer a wide range of personalized services, so please ask us about the options available.<\/p>\n<p><strong>Q2: Do we have to sleep on site to book a business meeting?<\/strong><br \/>\n<strong>A2:<\/strong> No, you don&#8217;t have to sleep on site. We do both one-day meetings and multi-day (company retreats) meetings. Contact us for a customized offer.<\/p>\n<p><strong>Q3: Do you have a projector?<\/strong><br \/>\n<strong>A3:<\/strong> No, we don&#8217;t have a projector. However, we do have a white canvas and a giant paper pad at your disposal.[\/vc_toggle][vc_toggle title=&#8221;Family events&#8221;]<strong>Q1: What is the capacity for meals and accommodation?<\/strong><br \/>\n<strong>A1:<\/strong> For meals, the dining room can accommodate up to 60 people.<br \/>\nFor lodging, if we fill all the beds at the inn, we can accommodate close to 30 people. If there are more of you, we can use the rooms in the cabins to increase our accommodation capacity. Contact us for group reservations.<\/p>\n<p><strong>Q2: Can we bring our own alcohol?<\/strong><br \/>\n<strong>A2:<\/strong> We have a permit to sell alcohol. This means you can&#8217;t consume alcohol purchased elsewhere in the common areas or in the dining room. You may consume it in your room only.<\/p>\n<p><strong>Q3: Do we have to sleep on site to reserve a group meal?<\/strong><br \/>\n<strong>A3:<\/strong> No, it&#8217;s not mandatory for all guests to sleep on site. Certain conditions apply to the number of guests. Please note that group events are always private, and rooms are only available to the group on site on the day of the event.[\/vc_toggle][\/vc_column][vc_column width=&#8221;1\/4&#8243;][\/vc_column][\/vc_row][vc_row][vc_column][vc_empty_space][\/vc_column][\/vc_row][vc_row no_padding=&#8221;yes&#8221;][vc_column width=&#8221;1\/3&#8243; el_class=&#8221;col-sm-4&#8243; offset=&#8221;vc_col-md-2&#8243;][vc_single_image image=&#8221;178&#8243; img_size=&#8221;full&#8221; onclick=&#8221;img_link_large&#8221; lightbox=&#8221;yes&#8221; image_gallery=&#8221;yes&#8221; hover_effect=&#8221;yes&#8221; el_class=&#8221;mb-0&#8243;][\/vc_column][vc_column width=&#8221;1\/3&#8243; el_class=&#8221;col-sm-4&#8243; offset=&#8221;vc_col-md-2&#8243;][vc_single_image image=&#8221;179&#8243; img_size=&#8221;full&#8221; onclick=&#8221;img_link_large&#8221; lightbox=&#8221;yes&#8221; image_gallery=&#8221;yes&#8221; hover_effect=&#8221;yes&#8221; el_class=&#8221;mb-0&#8243;][\/vc_column][vc_column width=&#8221;1\/3&#8243; el_class=&#8221;col-sm-4&#8243; offset=&#8221;vc_col-md-2&#8243;][vc_single_image image=&#8221;894&#8243; img_size=&#8221;full&#8221; onclick=&#8221;img_link_large&#8221; lightbox=&#8221;yes&#8221; image_gallery=&#8221;yes&#8221; hover_effect=&#8221;yes&#8221; el_class=&#8221;mb-0&#8243;][\/vc_column][vc_column width=&#8221;1\/3&#8243; el_class=&#8221;col-sm-4&#8243; offset=&#8221;vc_col-md-2&#8243;][vc_single_image image=&#8221;181&#8243; img_size=&#8221;full&#8221; onclick=&#8221;img_link_large&#8221; lightbox=&#8221;yes&#8221; image_gallery=&#8221;yes&#8221; hover_effect=&#8221;yes&#8221; el_class=&#8221;mb-0&#8243;][\/vc_column][vc_column width=&#8221;1\/3&#8243; el_class=&#8221;col-sm-4&#8243; offset=&#8221;vc_col-md-2&#8243;][vc_single_image image=&#8221;182&#8243; img_size=&#8221;full&#8221; onclick=&#8221;img_link_large&#8221; lightbox=&#8221;yes&#8221; image_gallery=&#8221;yes&#8221; hover_effect=&#8221;yes&#8221; el_class=&#8221;mb-0&#8243;][\/vc_column][vc_column width=&#8221;1\/3&#8243; el_class=&#8221;col-sm-4&#8243; offset=&#8221;vc_col-md-2&#8243;][vc_single_image image=&#8221;183&#8243; img_size=&#8221;full&#8221; onclick=&#8221;img_link_large&#8221; lightbox=&#8221;yes&#8221; image_gallery=&#8221;yes&#8221; hover_effect=&#8221;yes&#8221; el_class=&#8221;mb-0&#8243;][\/vc_column][\/vc_row][vc_row no_padding=&#8221;yes&#8221; animation_delay=&#8221;300&#8243; el_id=&#8221;locations&#8221; animation_type=&#8221;fadeIn&#8221;][vc_column][vc_gmaps link=&#8221;#E-8_JTNDaWZyYW1lJTIwc3JjJTNEJTIyaHR0cHMlM0ElMkYlMkZ3d3cuZ29vZ2xlLmNvbSUyRm1hcHMlMkZlbWJlZCUzRnBiJTNEJTIxMW0xNCUyMTFtOCUyMTFtMyUyMTFkMTA1ODUuMzAzMjcwNjQzMyUyMTJkLTY4LjI0OTE2NjclMjEzZDQ4LjQ1MDI3NzglMjEzbTIlMjExaTEwMjQlMjEyaTc2OCUyMTRmMTMuMSUyMTNtMyUyMTFtMiUyMTFzMHgwJTI1M0EweDkwZWQ4NjE1MWFhNDAxNTUlMjEyc0RvbWFpbmUlMjUyMFZhbGdhJTIxNWUwJTIxM20yJTIxMXNlbiUyMTJzY2ElMjE0djE2MDczNjI4NDU1NjAlMjE1bTIlMjExc2VuJTIxMnNjYSUyMiUyMHdpZHRoJTNEJTIyNjAwJTIyJTIwaGVpZ2h0JTNEJTIyNDUwJTIyJTIwZnJhbWVib3JkZXIlM0QlMjIwJTIyJTIwc3R5bGUlM0QlMjJib3JkZXIlM0EwJTNCJTIyJTIwYWxsb3dmdWxsc2NyZWVuJTNEJTIyJTIyJTIwYXJpYS1oaWRkZW4lM0QlMjJmYWxzZSUyMiUyMHRhYmluZGV4JTNEJTIyMCUyMiUzRSUzQyUyRmlmcmFtZSUzRQ==&#8221;][\/vc_column][\/vc_row]<\/p>\n","protected":false},"excerpt":{"rendered":"<p>[vc_row wrap_container=&#8221;yes&#8221; is_section=&#8221;yes&#8221; remove_margin_top=&#8221;yes&#8221; remove_margin_bottom=&#8221;yes&#8221; remove_padding_top=&#8221;yes&#8221; remove_padding_bottom=&#8221;yes&#8221; remove_border=&#8221;yes&#8221; css=&#8221;.vc_custom_1682257027747{background-color: #ffffff !important;}&#8221;][vc_column][vc_empty_space][vc_custom_heading text=&#8221;Practical information&#8221; font_container=&#8221;tag:h1|font_size:35|text_align:center|line_height:1.2&#8243; use_theme_fonts=&#8221;yes&#8221; font_weight=&#8221;700&#8243; animation_delay=&#8221;100&#8243; el_class=&#8221;mb-3&#8243;][vc_custom_heading text=&#8221;Here you&#8217;ll find all the FAQ (frequently asked questions) about our products and services. If your question is not answered here, please contact us via our contact form, by phone or via Messenger.&#8221; font_container=&#8221;tag:p|font_size:16.8|text_align:center|line_height:32px&#8221; use_theme_fonts=&#8221;yes&#8221; animation_delay=&#8221;400&#8243;][vc_btn title=&#8221;ONLINE [&hellip;]<\/p>\n","protected":false},"author":1,"featured_media":0,"parent":0,"menu_order":0,"comment_status":"closed","ping_status":"closed","template":"","meta":[],"yoast_head":"<!-- This site is optimized with the Yoast SEO plugin v17.8 - https:\/\/yoast.com\/wordpress\/plugins\/seo\/ -->\n<title>Infos Pratiques - Domaine Valga et For\u00eat de Ma\u00eetre Corbeau : Auberge, Chalets, Sentiers a\u00e9riens<\/title>\n<meta name=\"description\" content=\"Informations pratiquesVous trouverez ici toutes les questions les plus souvent pos\u00e9es sur nos produits et services. Si votre question n\u2019est pas r\u00e9pondue ici, n\u2019h\u00e9sitez pas \u00e0 nous contacter via notre formulaire de contact, par t\u00e9l\u00e9phone ou via Messenger.\" \/>\n<meta name=\"robots\" content=\"index, follow, max-snippet:-1, max-image-preview:large, max-video-preview:-1\" \/>\n<link rel=\"canonical\" href=\"https:\/\/www.domainevalga.com\/en\/infos-pratiques\/\" \/>\n<meta property=\"og:locale\" content=\"fr_CA\" \/>\n<meta property=\"og:type\" content=\"article\" \/>\n<meta property=\"og:title\" content=\"Infos Pratiques - Domaine Valga et For\u00eat de Ma\u00eetre Corbeau : Auberge, Chalets, Sentiers a\u00e9riens\" \/>\n<meta property=\"og:description\" content=\"Informations pratiquesVous trouverez ici toutes les questions les plus souvent pos\u00e9es sur nos produits et services. Si votre question n\u2019est pas r\u00e9pondue ici, n\u2019h\u00e9sitez pas \u00e0 nous contacter via notre formulaire de contact, par t\u00e9l\u00e9phone ou via Messenger.\" \/>\n<meta property=\"og:url\" content=\"https:\/\/www.domainevalga.com\/en\/infos-pratiques\/\" \/>\n<meta property=\"og:site_name\" content=\"Domaine Valga et For\u00eat de Ma\u00eetre Corbeau : Auberge, Chalets, Sentiers a\u00e9riens\" \/>\n<meta property=\"article:modified_time\" content=\"2024-05-30T23:48:13+00:00\" \/>\n<meta name=\"twitter:card\" content=\"summary_large_image\" \/>\n<meta name=\"twitter:label1\" content=\"Estimation du temps de lecture\" \/>\n\t<meta name=\"twitter:data1\" content=\"7 minutes\" \/>\n<script type=\"application\/ld+json\" class=\"yoast-schema-graph\">{\"@context\":\"https:\/\/schema.org\",\"@graph\":[{\"@type\":\"WebSite\",\"@id\":\"https:\/\/www.domainevalga.com\/en\/#website\",\"url\":\"https:\/\/www.domainevalga.com\/en\/\",\"name\":\"Domaine Valga et For\\u00eat de Ma\\u00eetre Corbeau : Auberge, Chalets, Sentiers a\\u00e9riens\",\"description\":\"Situ\\u00e9 dans le Bas-Saint-Laurent pr\\u00e8s de Rimouski, Domaine Valga est un centre de vill\\u00e9giature au milieu de la nature avec auberge et chalets rustiques. La For\\u00eat de Ma\\u00eetre Corbeau est un parc de sentiers a\\u00e9riens dans les arbres commun\\u00e9ment appel\\u00e9 : h\\u00e9bertiste. Le parc poss\\u00e8de la plus longue tyrolienne au Qu\\u00e9bec.\",\"potentialAction\":[{\"@type\":\"SearchAction\",\"target\":{\"@type\":\"EntryPoint\",\"urlTemplate\":\"https:\/\/www.domainevalga.com\/en\/?s={search_term_string}\"},\"query-input\":\"required name=search_term_string\"}],\"inLanguage\":\"fr-CA\"},{\"@type\":\"WebPage\",\"@id\":\"https:\/\/www.domainevalga.com\/en\/infos-pratiques\/#webpage\",\"url\":\"https:\/\/www.domainevalga.com\/en\/infos-pratiques\/\",\"name\":\"Infos Pratiques - Domaine Valga et For\\u00eat de Ma\\u00eetre Corbeau : Auberge, Chalets, Sentiers a\\u00e9riens\",\"isPartOf\":{\"@id\":\"https:\/\/www.domainevalga.com\/en\/#website\"},\"datePublished\":\"2023-04-23T13:17:48+00:00\",\"dateModified\":\"2024-05-30T23:48:13+00:00\",\"description\":\"Informations pratiquesVous trouverez ici toutes les questions les plus souvent pos\\u00e9es sur nos produits et services. Si votre question n\\u2019est pas r\\u00e9pondue ici, n\\u2019h\\u00e9sitez pas \\u00e0 nous contacter via notre formulaire de contact, par t\\u00e9l\\u00e9phone ou via Messenger.\",\"breadcrumb\":{\"@id\":\"https:\/\/www.domainevalga.com\/en\/infos-pratiques\/#breadcrumb\"},\"inLanguage\":\"fr-CA\",\"potentialAction\":[{\"@type\":\"ReadAction\",\"target\":[\"https:\/\/www.domainevalga.com\/en\/infos-pratiques\/\"]}]},{\"@type\":\"BreadcrumbList\",\"@id\":\"https:\/\/www.domainevalga.com\/en\/infos-pratiques\/#breadcrumb\",\"itemListElement\":[{\"@type\":\"ListItem\",\"position\":1,\"name\":\"Accueil\",\"item\":\"https:\/\/www.domainevalga.com\/en\/\"},{\"@type\":\"ListItem\",\"position\":2,\"name\":\"Infos Pratiques\"}]}]}<\/script>\n<!-- \/ Yoast SEO plugin. -->","yoast_head_json":{"title":"Infos Pratiques - Domaine Valga et For\u00eat de Ma\u00eetre Corbeau : Auberge, Chalets, Sentiers a\u00e9riens","description":"Informations pratiquesVous trouverez ici toutes les questions les plus souvent pos\u00e9es sur nos produits et services. Si votre question n\u2019est pas r\u00e9pondue ici, n\u2019h\u00e9sitez pas \u00e0 nous contacter via notre formulaire de contact, par t\u00e9l\u00e9phone ou via Messenger.","robots":{"index":"index","follow":"follow","max-snippet":"max-snippet:-1","max-image-preview":"max-image-preview:large","max-video-preview":"max-video-preview:-1"},"canonical":"https:\/\/www.domainevalga.com\/en\/infos-pratiques\/","og_locale":"fr_CA","og_type":"article","og_title":"Infos Pratiques - Domaine Valga et For\u00eat de Ma\u00eetre Corbeau : Auberge, Chalets, Sentiers a\u00e9riens","og_description":"Informations pratiquesVous trouverez ici toutes les questions les plus souvent pos\u00e9es sur nos produits et services. Si votre question n\u2019est pas r\u00e9pondue ici, n\u2019h\u00e9sitez pas \u00e0 nous contacter via notre formulaire de contact, par t\u00e9l\u00e9phone ou via Messenger.","og_url":"https:\/\/www.domainevalga.com\/en\/infos-pratiques\/","og_site_name":"Domaine Valga et For\u00eat de Ma\u00eetre Corbeau : Auberge, Chalets, Sentiers a\u00e9riens","article_modified_time":"2024-05-30T23:48:13+00:00","twitter_card":"summary_large_image","twitter_misc":{"Estimation du temps de lecture":"7 minutes"},"schema":{"@context":"https:\/\/schema.org","@graph":[{"@type":"WebSite","@id":"https:\/\/www.domainevalga.com\/en\/#website","url":"https:\/\/www.domainevalga.com\/en\/","name":"Domaine Valga et For\u00eat de Ma\u00eetre Corbeau : Auberge, Chalets, Sentiers a\u00e9riens","description":"Situ\u00e9 dans le Bas-Saint-Laurent pr\u00e8s de Rimouski, Domaine Valga est un centre de vill\u00e9giature au milieu de la nature avec auberge et chalets rustiques. La For\u00eat de Ma\u00eetre Corbeau est un parc de sentiers a\u00e9riens dans les arbres commun\u00e9ment appel\u00e9 : h\u00e9bertiste. Le parc poss\u00e8de la plus longue tyrolienne au Qu\u00e9bec.","potentialAction":[{"@type":"SearchAction","target":{"@type":"EntryPoint","urlTemplate":"https:\/\/www.domainevalga.com\/en\/?s={search_term_string}"},"query-input":"required name=search_term_string"}],"inLanguage":"fr-CA"},{"@type":"WebPage","@id":"https:\/\/www.domainevalga.com\/en\/infos-pratiques\/#webpage","url":"https:\/\/www.domainevalga.com\/en\/infos-pratiques\/","name":"Infos Pratiques - Domaine Valga et For\u00eat de Ma\u00eetre Corbeau : Auberge, Chalets, Sentiers a\u00e9riens","isPartOf":{"@id":"https:\/\/www.domainevalga.com\/en\/#website"},"datePublished":"2023-04-23T13:17:48+00:00","dateModified":"2024-05-30T23:48:13+00:00","description":"Informations pratiquesVous trouverez ici toutes les questions les plus souvent pos\u00e9es sur nos produits et services. Si votre question n\u2019est pas r\u00e9pondue ici, n\u2019h\u00e9sitez pas \u00e0 nous contacter via notre formulaire de contact, par t\u00e9l\u00e9phone ou via Messenger.","breadcrumb":{"@id":"https:\/\/www.domainevalga.com\/en\/infos-pratiques\/#breadcrumb"},"inLanguage":"fr-CA","potentialAction":[{"@type":"ReadAction","target":["https:\/\/www.domainevalga.com\/en\/infos-pratiques\/"]}]},{"@type":"BreadcrumbList","@id":"https:\/\/www.domainevalga.com\/en\/infos-pratiques\/#breadcrumb","itemListElement":[{"@type":"ListItem","position":1,"name":"Accueil","item":"https:\/\/www.domainevalga.com\/en\/"},{"@type":"ListItem","position":2,"name":"Infos Pratiques"}]}]}},"acf":[],"_links":{"self":[{"href":"https:\/\/www.domainevalga.com\/en\/wp-json\/wp\/v2\/pages\/1080"}],"collection":[{"href":"https:\/\/www.domainevalga.com\/en\/wp-json\/wp\/v2\/pages"}],"about":[{"href":"https:\/\/www.domainevalga.com\/en\/wp-json\/wp\/v2\/types\/page"}],"author":[{"embeddable":true,"href":"https:\/\/www.domainevalga.com\/en\/wp-json\/wp\/v2\/users\/1"}],"replies":[{"embeddable":true,"href":"https:\/\/www.domainevalga.com\/en\/wp-json\/wp\/v2\/comments?post=1080"}],"version-history":[{"count":22,"href":"https:\/\/www.domainevalga.com\/en\/wp-json\/wp\/v2\/pages\/1080\/revisions"}],"predecessor-version":[{"id":1399,"href":"https:\/\/www.domainevalga.com\/en\/wp-json\/wp\/v2\/pages\/1080\/revisions\/1399"}],"wp:attachment":[{"href":"https:\/\/www.domainevalga.com\/en\/wp-json\/wp\/v2\/media?parent=1080"}],"curies":[{"name":"wp","href":"https:\/\/api.w.org\/{rel}","templated":true}]}}