{"id":302,"date":"2021-01-25T18:02:23","date_gmt":"2021-01-25T18:02:23","guid":{"rendered":"https:\/\/www.domainevalga.com\/en\/?page_id=302"},"modified":"2025-05-06T15:49:41","modified_gmt":"2025-05-06T15:49:41","slug":"le-rossignol","status":"publish","type":"page","link":"https:\/\/www.domainevalga.com\/en\/hebergement\/location-chalet-bois-rond\/le-rossignol\/","title":{"rendered":"Le Rossignol"},"content":{"rendered":"<p>[vc_row content_placement=&#8221;middle&#8221; wrap_container=&#8221;yes&#8221; is_section=&#8221;yes&#8221; remove_margin_top=&#8221;yes&#8221; remove_border=&#8221;yes&#8221; el_id=&#8221;about&#8221;][vc_column width=&#8221;1\/2&#8243;]<h2 class=\"word-rotator letters type mb-4\" data-appear-animation=\"fadeInUp\" data-appear-animation-delay=\"200\" style=\"font-size:35px;line-height:49px;text-align:left;\" data-plugin-options=\"{'waittime': 2500, 'pauseOnHover': true}\"><span class=\"word-rotate-prefix\" style=\"font-weight:700;font-size:35px !important;line-height:49px !important;\">Le Rossignol<\/span> <span class=\"word-rotator-items waiting\" style=\"font-weight:700;\"><b class=\"active\"><\/b><\/span><\/h2><div class=\"porto-u-heading\" data-hspacer=\"no_spacer\" data-halign=\"left\" style=\"text-align:left\"><div class=\"porto-u-main-heading\"><h1>Log cabin in the heart of nature, a stone's throw from the lake<\/h1><\/div><\/div><div class=\"porto-animation \" data-appear-animation=\"progress100\" data-appear-animation-delay=\"200\">[vc_separator color=&#8221;custom&#8221; align=&#8221;align_left&#8221; border_width=&#8221;4&#8243; el_width=&#8221;25&#8243; style=&#8221;solid&#8221; accent_color=&#8221;#ab8b65&#8243;]<\/div>[vc_custom_heading text=&#8221;Fully equipped log cabin with lake access.&#8221; font_container=&#8221;tag:p|font_size:16.8|text_align:left&#8221; use_theme_fonts=&#8221;yes&#8221; animation_delay=&#8221;400&#8243; animation_type=&#8221;fadeInUp&#8221;][vc_custom_heading text=&#8221;- 2 to 11 people<br \/>\n&#8211; Available 12 months a year<br \/>\n&#8211; Free WIFI available<br \/>\n&#8211; Electric car charging stations available at the inn<br \/>\n&#8211; Bedding and towels included<br \/>\n&#8211; Private lake access with dock<br \/>\n&#8211; Rowboat included<br \/>\n&#8211; Pets ACCEPTED ($) under certain conditions<br \/>\n&#8211; Outdoor fire pit with wood provided<br \/>\n&#8211; Indoor woodstove with wood provided<br \/>\n&#8211; BBQ<br \/>\n&#8211; Air conditioning<\/p>\n<p>Ground floor:<br \/>\n&#8211; 1 bedroom, 1 queen-size bed, 1 single bed<br \/>\n&#8211; Fully equipped kitchen<br \/>\n&#8211; Living room<br \/>\n&#8211; Cable TV<br \/>\n&#8211; Air conditioning on this floor<br \/>\n&#8211; Full bathroom with shower<br \/>\n&#8211; Large patio<\/p>\n<p>1st floor (3 bedrooms)<br \/>\n&#8211; 1 bedroom with 1 queen-size bed<br \/>\n*1 single folding bed available on request<br \/>\n&#8211; 1 bedroom with 1 queen-size bed<br \/>\n&#8211; 1 bedroom with 1 queen-size bed and 2 single beds<br \/>\n&#8211; Full bathroom with shower<\/p>\n<p>Free access to children&#8217;s games at reception<\/p>\n<p>FREE kayak and canoe rentals and 15% discount on general admission for treetop obstacle course and paddleboard rentals.<\/p>\n<p>CITQ #189803&#8243; font_container=&#8221;tag:p|text_align:left|color:rgba(43%2C43%2C43%2C0.8)&#8221; use_theme_fonts=&#8221;yes&#8221; animation_delay=&#8221;600&#8243; animation_type=&#8221;fadeInUp&#8221;][\/vc_column][vc_column width=&#8221;1\/2&#8243;][vc_single_image image=&#8221;303&#8243; img_size=&#8221;full&#8221; style=&#8221;vc_box_rounded&#8221; animation_delay=&#8221;700&#8243; animation_type=&#8221;fadeInLeft&#8221;][\/vc_column][vc_column][vc_raw_html]JTVCaWNzX2NhbGVuZGFyJTIwaWQlM0QlMjIyOTAlMjIlMjBtZXRob2QlM0QlMjJmb3BlbiUyMiU1RA==[\/vc_raw_html][vc_row_inner][vc_column_inner][vc_single_image image=&#8221;1427&#8243; img_size=&#8221;full&#8221; alignment=&#8221;center&#8221; label=&#8221;&#8221;][\/vc_column_inner][\/vc_row_inner][\/vc_column][\/vc_row][vc_row content_placement=&#8221;middle&#8221; parallax=&#8221;content-moving&#8221; parallax_image=&#8221;161&#8243; parallax_speed_bg=&#8221;1.8&#8243; wrap_container=&#8221;yes&#8221; is_section=&#8221;yes&#8221; section_skin=&#8221;parallax&#8221; remove_margin_top=&#8221;yes&#8221; remove_border=&#8221;yes&#8221; el_id=&#8221;reservations&#8221;][vc_column width=&#8221;1\/2&#8243; el_class=&#8221;mb-5 mb-md-0 custom-column-bg py-5&#8243;][vc_custom_heading text=&#8221;Reservations&#8221; font_container=&#8221;tag:h2|font_size:35|text_align:center|color:%23ffffff|line_height:1.2&#8243; use_theme_fonts=&#8221;yes&#8221; font_weight=&#8221;700&#8243; animation_delay=&#8221;400&#8243; el_class=&#8221;mb-3 ls-negative-1&#8243; animation_type=&#8221;maskUp&#8221;][vc_custom_heading text=&#8221;Call us for a personalized offer and service.&#8221; font_container=&#8221;tag:p|text_align:center|color:rgba(255%2C255%2C255%2C0.7)&#8221; use_theme_fonts=&#8221;yes&#8221; font_weight=&#8221;300&#8243; animation_delay=&#8221;600&#8243; animation_type=&#8221;fadeInUp&#8221; el_class=&#8221;px-4&#8243;][vc_custom_heading text=&#8221;(418) 739-4200&#8243; font_container=&#8221;tag:div|font_size:16.8|text_align:center|color:%23ab8b65|line_height:26px&#8221; use_theme_fonts=&#8221;yes&#8221; font_weight=&#8221;700&#8243; animation_delay=&#8221;650&#8243; link=&#8221;url:tel%3A%2B4187394200|||&#8221; animation_type=&#8221;fadeInUp&#8221;][\/vc_column][vc_column width=&#8221;1\/2&#8243;][vc_row_inner el_class=&#8221;justify-content-center&#8221;][vc_column_inner el_class=&#8221;mb-4 mb-md-0&#8243; width=&#8221;1\/2&#8243; animation_delay=&#8221;500&#8243; animation_type=&#8221;fadeInRight&#8221; offset=&#8221;vc_col-md-4&#8243;][vc_custom_heading text=&#8221;Online&#8221; font_container=&#8221;tag:h2|font_size:32|text_align:center|color:%23ffffff|line_height:42px&#8221; use_theme_fonts=&#8221;yes&#8221; font_weight=&#8221;600&#8243; el_class=&#8221;ls-negative-1 mb-3&#8243;][vc_btn title=&#8221;book here&#8221; style=&#8221;outline&#8221; shape=&#8221;rounded&#8221; align=&#8221;center&#8221; skin=&#8221;primary&#8221; animation_delay=&#8221;200&#8243; el_class=&#8221;btn-style-2 hash-scroll-wrap&#8221; animation_type=&#8221;fadeInUp&#8221; link=&#8221;url:https%3A%2F%2Fsecure.reservit.com%2Freservit%2Freserhotel.php%3Faction%3Dresa%26id%3D58%26hotelid%3D425546%26roomtcode%3D424332%26lang%3DFR|target:_blank&#8221;][\/vc_column_inner][vc_column_inner width=&#8221;1\/2&#8243; animation_delay=&#8221;700&#8243; offset=&#8221;vc_col-md-4&#8243; animation_type=&#8221;fadeInRight&#8221;][vc_custom_heading text=&#8221;By e-mail&#8221; font_container=&#8221;tag:h2|font_size:32|text_align:center|color:%23ffffff|line_height:42px&#8221; use_theme_fonts=&#8221;yes&#8221; font_weight=&#8221;600&#8243; el_class=&#8221;ls-negative-1 mb-3&#8243;][vc_btn title=&#8221;contact us&#8221; style=&#8221;outline&#8221; shape=&#8221;rounded&#8221; align=&#8221;center&#8221; skin=&#8221;primary&#8221; animation_delay=&#8221;200&#8243; el_class=&#8221;btn-style-2 hash-scroll-wrap&#8221; animation_type=&#8221;fadeInUp&#8221; link=&#8221;url:https%3A%2F%2Fwww.domainevalga.com%2Fen%2Fnous-joindre%2F|title:contact&#8221;][\/vc_column_inner][\/vc_row_inner][\/vc_column][\/vc_row][vc_row no_padding=&#8221;yes&#8221;][vc_column width=&#8221;1\/3&#8243; el_class=&#8221;col-sm-4&#8243; offset=&#8221;vc_col-md-2&#8243;][vc_single_image image=&#8221;844&#8243; img_size=&#8221;full&#8221; onclick=&#8221;img_link_large&#8221; lightbox=&#8221;yes&#8221; image_gallery=&#8221;yes&#8221; hover_effect=&#8221;yes&#8221; el_class=&#8221;mb-0&#8243;][\/vc_column][vc_column width=&#8221;1\/3&#8243; el_class=&#8221;col-sm-4&#8243; offset=&#8221;vc_col-md-2&#8243;][vc_single_image image=&#8221;845&#8243; img_size=&#8221;full&#8221; onclick=&#8221;img_link_large&#8221; lightbox=&#8221;yes&#8221; image_gallery=&#8221;yes&#8221; hover_effect=&#8221;yes&#8221; el_class=&#8221;mb-0&#8243;][\/vc_column][vc_column width=&#8221;1\/3&#8243; el_class=&#8221;col-sm-4&#8243; offset=&#8221;vc_col-md-2&#8243;][vc_single_image image=&#8221;846&#8243; img_size=&#8221;full&#8221; onclick=&#8221;img_link_large&#8221; lightbox=&#8221;yes&#8221; image_gallery=&#8221;yes&#8221; hover_effect=&#8221;yes&#8221; el_class=&#8221;mb-0&#8243;][\/vc_column][vc_column width=&#8221;1\/3&#8243; el_class=&#8221;col-sm-4&#8243; offset=&#8221;vc_col-md-2&#8243;][vc_single_image image=&#8221;847&#8243; img_size=&#8221;full&#8221; onclick=&#8221;img_link_large&#8221; lightbox=&#8221;yes&#8221; image_gallery=&#8221;yes&#8221; hover_effect=&#8221;yes&#8221; el_class=&#8221;mb-0&#8243;][\/vc_column][vc_column width=&#8221;1\/3&#8243; el_class=&#8221;col-sm-4&#8243; offset=&#8221;vc_col-md-2&#8243;][vc_single_image image=&#8221;848&#8243; img_size=&#8221;full&#8221; onclick=&#8221;img_link_large&#8221; lightbox=&#8221;yes&#8221; image_gallery=&#8221;yes&#8221; hover_effect=&#8221;yes&#8221; el_class=&#8221;mb-0&#8243;][\/vc_column][vc_column width=&#8221;1\/3&#8243; el_class=&#8221;col-sm-4&#8243; offset=&#8221;vc_col-md-2&#8243;][vc_single_image image=&#8221;849&#8243; img_size=&#8221;full&#8221; onclick=&#8221;img_link_large&#8221; lightbox=&#8221;yes&#8221; image_gallery=&#8221;yes&#8221; hover_effect=&#8221;yes&#8221; el_class=&#8221;mb-0&#8243;][\/vc_column][\/vc_row][vc_row no_padding=&#8221;yes&#8221;][vc_column width=&#8221;1\/3&#8243; el_class=&#8221;col-sm-4&#8243; offset=&#8221;vc_col-md-2&#8243;][vc_single_image image=&#8221;850&#8243; img_size=&#8221;full&#8221; onclick=&#8221;img_link_large&#8221; lightbox=&#8221;yes&#8221; image_gallery=&#8221;yes&#8221; hover_effect=&#8221;yes&#8221; el_class=&#8221;mb-0&#8243;][\/vc_column][vc_column width=&#8221;1\/3&#8243; el_class=&#8221;col-sm-4&#8243; offset=&#8221;vc_col-md-2&#8243;][vc_single_image image=&#8221;851&#8243; img_size=&#8221;full&#8221; onclick=&#8221;img_link_large&#8221; lightbox=&#8221;yes&#8221; image_gallery=&#8221;yes&#8221; hover_effect=&#8221;yes&#8221; el_class=&#8221;mb-0&#8243;][\/vc_column][vc_column width=&#8221;1\/3&#8243; el_class=&#8221;col-sm-4&#8243; offset=&#8221;vc_col-md-2&#8243;][vc_single_image image=&#8221;852&#8243; img_size=&#8221;full&#8221; onclick=&#8221;img_link_large&#8221; lightbox=&#8221;yes&#8221; image_gallery=&#8221;yes&#8221; hover_effect=&#8221;yes&#8221; el_class=&#8221;mb-0&#8243;][\/vc_column][vc_column width=&#8221;1\/3&#8243; el_class=&#8221;col-sm-4&#8243; offset=&#8221;vc_col-md-2&#8243;][vc_single_image image=&#8221;853&#8243; img_size=&#8221;full&#8221; onclick=&#8221;img_link_large&#8221; lightbox=&#8221;yes&#8221; image_gallery=&#8221;yes&#8221; hover_effect=&#8221;yes&#8221; el_class=&#8221;mb-0&#8243;][\/vc_column][vc_column width=&#8221;1\/3&#8243; el_class=&#8221;col-sm-4&#8243; offset=&#8221;vc_col-md-2&#8243;][vc_single_image image=&#8221;854&#8243; img_size=&#8221;full&#8221; onclick=&#8221;img_link_large&#8221; lightbox=&#8221;yes&#8221; image_gallery=&#8221;yes&#8221; hover_effect=&#8221;yes&#8221; el_class=&#8221;mb-0&#8243;][\/vc_column][vc_column width=&#8221;1\/3&#8243; el_class=&#8221;col-sm-4&#8243; offset=&#8221;vc_col-md-2&#8243;][vc_single_image image=&#8221;855&#8243; img_size=&#8221;full&#8221; onclick=&#8221;img_link_large&#8221; lightbox=&#8221;yes&#8221; image_gallery=&#8221;yes&#8221; hover_effect=&#8221;yes&#8221; el_class=&#8221;mb-0&#8243;][\/vc_column][\/vc_row][vc_row wrap_container=&#8221;yes&#8221; is_section=&#8221;yes&#8221; remove_margin_top=&#8221;yes&#8221; remove_border=&#8221;yes&#8221; el_id=&#8221;menu&#8221; css=&#8221;.vc_custom_1557970639877{background-color: #f7f7f7 !important;}&#8221;][vc_column][vc_row_inner el_class=&#8221;justify-content-center mb-5&#8243;][vc_column_inner width=&#8221;3\/4&#8243; offset=&#8221;vc_col-md-6&#8243;][vc_custom_heading text=&#8221;Log cabins&#8221; font_container=&#8221;tag:h2|font_size:35|text_align:center|line_height:1.2&#8243; use_theme_fonts=&#8221;yes&#8221; font_weight=&#8221;700&#8243; animation_delay=&#8221;100&#8243; el_class=&#8221;mb-3&#8243; animation_type=&#8221;maskUp&#8221;]<div class=\"porto-animation  margin-auto\" data-appear-animation=\"progress100\" data-appear-animation-delay=\"200\">[vc_separator color=&#8221;custom&#8221; border_width=&#8221;4&#8243; el_width=&#8221;25&#8243; style=&#8221;solid&#8221; accent_color=&#8221;#ab8b65&#8243;]<\/div>[vc_custom_heading text=&#8221;Three fully-equipped log cabins for 2 to 12 people, with lake access and views. Available 12 months a year.&#8221; font_container=&#8221;tag:p|font_size:16.8|text_align:center|line_height:32px&#8221; use_theme_fonts=&#8221;yes&#8221; animation_delay=&#8221;400&#8243; animation_type=&#8221;fadeInUp&#8221;][\/vc_column_inner][\/vc_row_inner][vc_row_inner animation_delay=&#8221;600&#8243; animation_type=&#8221;fadeInUp&#8221; el_class=&#8221;mb-5&#8243;][vc_column_inner width=&#8221;1\/2&#8243; animation_delay=&#8221;&#8221;][vc_single_image image=&#8221;175&#8243; img_size=&#8221;full&#8221;]<div class=\"porto-sicon-box style_1 default-icon flex-wrap\"><div class=\"porto-sicon-header\" ><h3 class=\"porto-sicon-title\" style=\"font-weight:400;font-size:21px;line-height:24px;\">Le Huard<\/h3><\/div> <!-- header --><div class=\"porto-sicon-description\" style=\"font-size:14px;\">&#8211; 2 to 7 people<br \/>\n&#8211; Available 12 months a year<br \/>\n&#8211; Free WIFI available<br \/>\n&#8211; Outdoor fire pit with wood provided<br \/>\n&#8211; Bedding and towels included<br \/>\n&#8211; Private lake access with dock<br \/>\n&#8211; Rowboat included<br \/>\n&#8211; Pets NOT ACCEPTED<br \/>\n&#8211; BBQ<br \/>\n&#8211; Air conditioning<\/div> <!-- description --><\/div><!-- porto-sicon-box -->[vc_btn title=&#8221;Learn more&#8221; style=&#8221;outline&#8221; shape=&#8221;rounded&#8221; align=&#8221;left&#8221; skin=&#8221;primary&#8221; animation_delay=&#8221;200&#8243; el_class=&#8221;btn-style-2 hash-scroll-wrap&#8221; animation_type=&#8221;fadeInUp&#8221; link=&#8221;url:https%3A%2F%2Fwww.domainevalga.com%2Fen%2Fle-huard%2F|title:Le%20Huard||&#8221;][\/vc_column_inner][vc_column_inner width=&#8221;1\/2&#8243;][vc_single_image image=&#8221;173&#8243; img_size=&#8221;full&#8221;]<div class=\"porto-sicon-box style_1 default-icon flex-wrap\"><div class=\"porto-sicon-header\" ><h3 class=\"porto-sicon-title\" style=\"font-weight:400;font-size:21px;line-height:24px;\">Le Pinson<\/h3><\/div> <!-- header --><div class=\"porto-sicon-description\" style=\"font-size:14px;\">&#8211; 2 to 10 people<br \/>\n&#8211; Available 12 months a year<br \/>\n&#8211; Free WIFI available<br \/>\n&#8211; Indoor woodstove with wood provided<br \/>\n&#8211; Outdoor fire pit with wood provided<br \/>\n&#8211; Bedding and towels included<br \/>\n&#8211; Private lake access with dock<br \/>\n&#8211; Rowboat included<br \/>\n&#8211; Pets ACCEPTED ($) under certain conditions<br \/>\n&#8211; BBQ<br \/>\n&#8211; Air conditioning<\/div> <!-- description --><\/div><!-- porto-sicon-box -->[vc_btn title=&#8221;Leran more&#8221; style=&#8221;outline&#8221; shape=&#8221;rounded&#8221; align=&#8221;left&#8221; skin=&#8221;primary&#8221; animation_delay=&#8221;200&#8243; el_class=&#8221;btn-style-2 hash-scroll-wrap&#8221; animation_type=&#8221;fadeInUp&#8221; link=&#8221;url:https%3A%2F%2Fwww.domainevalga.com%2Fen%2Fle-pinson%2F|title:Le%20Pinson||&#8221;][\/vc_column_inner][\/vc_row_inner][\/vc_column][\/vc_row][vc_row no_padding=&#8221;yes&#8221; animation_delay=&#8221;300&#8243; el_id=&#8221;locations&#8221; animation_type=&#8221;fadeIn&#8221;][vc_column][vc_gmaps link=&#8221;#E-8_JTNDaWZyYW1lJTIwc3JjJTNEJTIyaHR0cHMlM0ElMkYlMkZ3d3cuZ29vZ2xlLmNvbSUyRm1hcHMlMkZlbWJlZCUzRnBiJTNEJTIxMW0xNCUyMTFtOCUyMTFtMyUyMTFkMTA1ODUuMzAzMjcwNjQzMyUyMTJkLTY4LjI0OTE2NjclMjEzZDQ4LjQ1MDI3NzglMjEzbTIlMjExaTEwMjQlMjEyaTc2OCUyMTRmMTMuMSUyMTNtMyUyMTFtMiUyMTFzMHgwJTI1M0EweDkwZWQ4NjE1MWFhNDAxNTUlMjEyc0RvbWFpbmUlMjUyMFZhbGdhJTIxNWUwJTIxM20yJTIxMXNlbiUyMTJzY2ElMjE0djE2MDczNjI4NDU1NjAlMjE1bTIlMjExc2VuJTIxMnNjYSUyMiUyMHdpZHRoJTNEJTIyNjAwJTIyJTIwaGVpZ2h0JTNEJTIyNDUwJTIyJTIwZnJhbWVib3JkZXIlM0QlMjIwJTIyJTIwc3R5bGUlM0QlMjJib3JkZXIlM0EwJTNCJTIyJTIwYWxsb3dmdWxsc2NyZWVuJTNEJTIyJTIyJTIwYXJpYS1oaWRkZW4lM0QlMjJmYWxzZSUyMiUyMHRhYmluZGV4JTNEJTIyMCUyMiUzRSUzQyUyRmlmcmFtZSUzRQ==&#8221;][\/vc_column][\/vc_row]<\/p>\n","protected":false},"excerpt":{"rendered":"<p>[vc_row content_placement=&#8221;middle&#8221; wrap_container=&#8221;yes&#8221; is_section=&#8221;yes&#8221; remove_margin_top=&#8221;yes&#8221; remove_border=&#8221;yes&#8221; el_id=&#8221;about&#8221;][vc_column width=&#8221;1\/2&#8243;][vc_custom_heading text=&#8221;Fully equipped log cabin with lake access.&#8221; font_container=&#8221;tag:p|font_size:16.8|text_align:left&#8221; use_theme_fonts=&#8221;yes&#8221; animation_delay=&#8221;400&#8243; animation_type=&#8221;fadeInUp&#8221;][vc_custom_heading text=&#8221;- 2 to 11 people &#8211; Available 12 months a year &#8211; Free WIFI available &#8211; Electric car charging stations available at the inn &#8211; Bedding and towels included &#8211; Private lake access with dock &#8211; [&hellip;]<\/p>\n","protected":false},"author":1,"featured_media":0,"parent":512,"menu_order":0,"comment_status":"closed","ping_status":"closed","template":"","meta":[],"yoast_head":"<!-- This site is optimized with the Yoast SEO plugin v17.8 - https:\/\/yoast.com\/wordpress\/plugins\/seo\/ -->\n<title>Le Rossignol - Domaine Valga et For\u00eat de Ma\u00eetre Corbeau : Auberge, Chalets, Sentiers a\u00e9riens<\/title>\n<meta name=\"description\" content=\"Le Rossignol. Chalets en bois rond tout \u00e9quip\u00e9s, avec acc\u00e8s au lac. Disponible 12 mois par ann\u00e9e. WIFI disponible sans frais Literie et serviettes incluses. Acc\u00e8s priv\u00e9 au lac avec quai. Chaloupe incluse\" \/>\n<meta name=\"robots\" content=\"index, follow, max-snippet:-1, max-image-preview:large, max-video-preview:-1\" \/>\n<link rel=\"canonical\" href=\"https:\/\/www.domainevalga.com\/en\/hebergement\/location-chalet-bois-rond\/le-rossignol\/\" \/>\n<meta property=\"og:locale\" content=\"fr_CA\" \/>\n<meta property=\"og:type\" content=\"article\" \/>\n<meta property=\"og:title\" content=\"Le Rossignol - Domaine Valga et For\u00eat de Ma\u00eetre Corbeau : Auberge, Chalets, Sentiers a\u00e9riens\" \/>\n<meta property=\"og:description\" content=\"Le Rossignol. Chalets en bois rond tout \u00e9quip\u00e9s, avec acc\u00e8s au lac. Disponible 12 mois par ann\u00e9e. WIFI disponible sans frais Literie et serviettes incluses. Acc\u00e8s priv\u00e9 au lac avec quai. Chaloupe incluse\" \/>\n<meta property=\"og:url\" content=\"https:\/\/www.domainevalga.com\/en\/hebergement\/location-chalet-bois-rond\/le-rossignol\/\" \/>\n<meta property=\"og:site_name\" content=\"Domaine Valga et For\u00eat de Ma\u00eetre Corbeau : Auberge, Chalets, Sentiers a\u00e9riens\" \/>\n<meta property=\"article:modified_time\" content=\"2025-05-06T15:49:41+00:00\" \/>\n<meta name=\"twitter:card\" content=\"summary_large_image\" \/>\n<meta name=\"twitter:label1\" content=\"Estimation du temps de lecture\" \/>\n\t<meta name=\"twitter:data1\" content=\"4 minutes\" \/>\n<script type=\"application\/ld+json\" class=\"yoast-schema-graph\">{\"@context\":\"https:\/\/schema.org\",\"@graph\":[{\"@type\":\"WebSite\",\"@id\":\"https:\/\/www.domainevalga.com\/en\/#website\",\"url\":\"https:\/\/www.domainevalga.com\/en\/\",\"name\":\"Domaine Valga et For\\u00eat de Ma\\u00eetre Corbeau : Auberge, Chalets, Sentiers a\\u00e9riens\",\"description\":\"Situ\\u00e9 dans le Bas-Saint-Laurent pr\\u00e8s de Rimouski, Domaine Valga est un centre de vill\\u00e9giature au milieu de la nature avec auberge et chalets rustiques. La For\\u00eat de Ma\\u00eetre Corbeau est un parc de sentiers a\\u00e9riens dans les arbres commun\\u00e9ment appel\\u00e9 : h\\u00e9bertiste. Le parc poss\\u00e8de la plus longue tyrolienne au Qu\\u00e9bec.\",\"potentialAction\":[{\"@type\":\"SearchAction\",\"target\":{\"@type\":\"EntryPoint\",\"urlTemplate\":\"https:\/\/www.domainevalga.com\/en\/?s={search_term_string}\"},\"query-input\":\"required name=search_term_string\"}],\"inLanguage\":\"fr-CA\"},{\"@type\":\"WebPage\",\"@id\":\"https:\/\/www.domainevalga.com\/en\/hebergement\/location-chalet-bois-rond\/le-rossignol\/#webpage\",\"url\":\"https:\/\/www.domainevalga.com\/en\/hebergement\/location-chalet-bois-rond\/le-rossignol\/\",\"name\":\"Le Rossignol - Domaine Valga et For\\u00eat de Ma\\u00eetre Corbeau : Auberge, Chalets, Sentiers a\\u00e9riens\",\"isPartOf\":{\"@id\":\"https:\/\/www.domainevalga.com\/en\/#website\"},\"datePublished\":\"2021-01-25T18:02:23+00:00\",\"dateModified\":\"2025-05-06T15:49:41+00:00\",\"description\":\"Le Rossignol. Chalets en bois rond tout \\u00e9quip\\u00e9s, avec acc\\u00e8s au lac. Disponible 12 mois par ann\\u00e9e. WIFI disponible sans frais Literie et serviettes incluses. Acc\\u00e8s priv\\u00e9 au lac avec quai. Chaloupe incluse\",\"breadcrumb\":{\"@id\":\"https:\/\/www.domainevalga.com\/en\/hebergement\/location-chalet-bois-rond\/le-rossignol\/#breadcrumb\"},\"inLanguage\":\"fr-CA\",\"potentialAction\":[{\"@type\":\"ReadAction\",\"target\":[\"https:\/\/www.domainevalga.com\/en\/hebergement\/location-chalet-bois-rond\/le-rossignol\/\"]}]},{\"@type\":\"BreadcrumbList\",\"@id\":\"https:\/\/www.domainevalga.com\/en\/hebergement\/location-chalet-bois-rond\/le-rossignol\/#breadcrumb\",\"itemListElement\":[{\"@type\":\"ListItem\",\"position\":1,\"name\":\"Accueil\",\"item\":\"https:\/\/www.domainevalga.com\/en\/\"},{\"@type\":\"ListItem\",\"position\":2,\"name\":\"Forfaits et H\\u00e9bergement\",\"item\":\"https:\/\/www.domainevalga.com\/en\/hebergement\/\"},{\"@type\":\"ListItem\",\"position\":3,\"name\":\"Location chalet bois rond\",\"item\":\"https:\/\/www.domainevalga.com\/en\/hebergement\/location-chalet-bois-rond\/\"},{\"@type\":\"ListItem\",\"position\":4,\"name\":\"Le Rossignol\"}]}]}<\/script>\n<!-- \/ Yoast SEO plugin. -->","yoast_head_json":{"title":"Le Rossignol - Domaine Valga et For\u00eat de Ma\u00eetre Corbeau : Auberge, Chalets, Sentiers a\u00e9riens","description":"Le Rossignol. Chalets en bois rond tout \u00e9quip\u00e9s, avec acc\u00e8s au lac. Disponible 12 mois par ann\u00e9e. WIFI disponible sans frais Literie et serviettes incluses. Acc\u00e8s priv\u00e9 au lac avec quai. Chaloupe incluse","robots":{"index":"index","follow":"follow","max-snippet":"max-snippet:-1","max-image-preview":"max-image-preview:large","max-video-preview":"max-video-preview:-1"},"canonical":"https:\/\/www.domainevalga.com\/en\/hebergement\/location-chalet-bois-rond\/le-rossignol\/","og_locale":"fr_CA","og_type":"article","og_title":"Le Rossignol - Domaine Valga et For\u00eat de Ma\u00eetre Corbeau : Auberge, Chalets, Sentiers a\u00e9riens","og_description":"Le Rossignol. Chalets en bois rond tout \u00e9quip\u00e9s, avec acc\u00e8s au lac. Disponible 12 mois par ann\u00e9e. WIFI disponible sans frais Literie et serviettes incluses. Acc\u00e8s priv\u00e9 au lac avec quai. Chaloupe incluse","og_url":"https:\/\/www.domainevalga.com\/en\/hebergement\/location-chalet-bois-rond\/le-rossignol\/","og_site_name":"Domaine Valga et For\u00eat de Ma\u00eetre Corbeau : Auberge, Chalets, Sentiers a\u00e9riens","article_modified_time":"2025-05-06T15:49:41+00:00","twitter_card":"summary_large_image","twitter_misc":{"Estimation du temps de lecture":"4 minutes"},"schema":{"@context":"https:\/\/schema.org","@graph":[{"@type":"WebSite","@id":"https:\/\/www.domainevalga.com\/en\/#website","url":"https:\/\/www.domainevalga.com\/en\/","name":"Domaine Valga et For\u00eat de Ma\u00eetre Corbeau : Auberge, Chalets, Sentiers a\u00e9riens","description":"Situ\u00e9 dans le Bas-Saint-Laurent pr\u00e8s de Rimouski, Domaine Valga est un centre de vill\u00e9giature au milieu de la nature avec auberge et chalets rustiques. La For\u00eat de Ma\u00eetre Corbeau est un parc de sentiers a\u00e9riens dans les arbres commun\u00e9ment appel\u00e9 : h\u00e9bertiste. Le parc poss\u00e8de la plus longue tyrolienne au Qu\u00e9bec.","potentialAction":[{"@type":"SearchAction","target":{"@type":"EntryPoint","urlTemplate":"https:\/\/www.domainevalga.com\/en\/?s={search_term_string}"},"query-input":"required name=search_term_string"}],"inLanguage":"fr-CA"},{"@type":"WebPage","@id":"https:\/\/www.domainevalga.com\/en\/hebergement\/location-chalet-bois-rond\/le-rossignol\/#webpage","url":"https:\/\/www.domainevalga.com\/en\/hebergement\/location-chalet-bois-rond\/le-rossignol\/","name":"Le Rossignol - Domaine Valga et For\u00eat de Ma\u00eetre Corbeau : Auberge, Chalets, Sentiers a\u00e9riens","isPartOf":{"@id":"https:\/\/www.domainevalga.com\/en\/#website"},"datePublished":"2021-01-25T18:02:23+00:00","dateModified":"2025-05-06T15:49:41+00:00","description":"Le Rossignol. Chalets en bois rond tout \u00e9quip\u00e9s, avec acc\u00e8s au lac. Disponible 12 mois par ann\u00e9e. WIFI disponible sans frais Literie et serviettes incluses. Acc\u00e8s priv\u00e9 au lac avec quai. Chaloupe incluse","breadcrumb":{"@id":"https:\/\/www.domainevalga.com\/en\/hebergement\/location-chalet-bois-rond\/le-rossignol\/#breadcrumb"},"inLanguage":"fr-CA","potentialAction":[{"@type":"ReadAction","target":["https:\/\/www.domainevalga.com\/en\/hebergement\/location-chalet-bois-rond\/le-rossignol\/"]}]},{"@type":"BreadcrumbList","@id":"https:\/\/www.domainevalga.com\/en\/hebergement\/location-chalet-bois-rond\/le-rossignol\/#breadcrumb","itemListElement":[{"@type":"ListItem","position":1,"name":"Accueil","item":"https:\/\/www.domainevalga.com\/en\/"},{"@type":"ListItem","position":2,"name":"Forfaits et H\u00e9bergement","item":"https:\/\/www.domainevalga.com\/en\/hebergement\/"},{"@type":"ListItem","position":3,"name":"Location chalet bois rond","item":"https:\/\/www.domainevalga.com\/en\/hebergement\/location-chalet-bois-rond\/"},{"@type":"ListItem","position":4,"name":"Le Rossignol"}]}]}},"acf":[],"_links":{"self":[{"href":"https:\/\/www.domainevalga.com\/en\/wp-json\/wp\/v2\/pages\/302"}],"collection":[{"href":"https:\/\/www.domainevalga.com\/en\/wp-json\/wp\/v2\/pages"}],"about":[{"href":"https:\/\/www.domainevalga.com\/en\/wp-json\/wp\/v2\/types\/page"}],"author":[{"embeddable":true,"href":"https:\/\/www.domainevalga.com\/en\/wp-json\/wp\/v2\/users\/1"}],"replies":[{"embeddable":true,"href":"https:\/\/www.domainevalga.com\/en\/wp-json\/wp\/v2\/comments?post=302"}],"version-history":[{"count":31,"href":"https:\/\/www.domainevalga.com\/en\/wp-json\/wp\/v2\/pages\/302\/revisions"}],"predecessor-version":[{"id":1431,"href":"https:\/\/www.domainevalga.com\/en\/wp-json\/wp\/v2\/pages\/302\/revisions\/1431"}],"up":[{"embeddable":true,"href":"https:\/\/www.domainevalga.com\/en\/wp-json\/wp\/v2\/pages\/512"}],"wp:attachment":[{"href":"https:\/\/www.domainevalga.com\/en\/wp-json\/wp\/v2\/media?parent=302"}],"curies":[{"name":"wp","href":"https:\/\/api.w.org\/{rel}","templated":true}]}}