{"id":361,"date":"2021-02-18T16:25:28","date_gmt":"2021-02-18T16:25:28","guid":{"rendered":"https:\/\/www.domainevalga.com\/en\/?page_id=361"},"modified":"2025-12-11T20:39:31","modified_gmt":"2025-12-11T20:39:31","slug":"forfaits-motoneige","status":"publish","type":"page","link":"https:\/\/www.domainevalga.com\/en\/forfaits-motoneige\/","title":{"rendered":"Forfaits motoneige"},"content":{"rendered":"<p>[vc_row content_placement=&#8221;middle&#8221; wrap_container=&#8221;yes&#8221; is_section=&#8221;yes&#8221; remove_margin_top=&#8221;yes&#8221; remove_border=&#8221;yes&#8221;][vc_column width=&#8221;1\/2&#8243;]<div class=\"porto-u-heading\" data-hspacer=\"no_spacer\" data-halign=\"left\" style=\"text-align:left\"><div class=\"porto-u-main-heading\"><h1>Snowmobile packages<\/h1><\/div><\/div><div class=\"porto-animation \" data-appear-animation=\"progress100\" data-appear-animation-delay=\"200\">[vc_separator color=&#8221;custom&#8221; align=&#8221;align_left&#8221; border_width=&#8221;4&#8243; el_width=&#8221;25&#8243; style=&#8221;solid&#8221; accent_color=&#8221;#ab8b65&#8243;]<\/div>[vc_column_text]For snowmobile lovers and enthusiasts, come and stay at our magnificent, warm log inn. Intimate and friendly, with 9 bedrooms, you&#8217;ll enjoy hearty, home-cooked meals. We also have 3 magnificent log cabins for rent!<\/p>\n<p>Domaine Valga, located 45 minutes from Rimouski, is directly accessible on Bas-St-St-Laurent regional trail #579, just 4 km from provincial trail #5. You can also park your trucks and trailers and leave directly from Domaine Valga!! Call us to reserve your spot!<\/p>\n<p class=\"p2\"><span class=\"s1\" style=\"color: #000000;\">#CITQ 211783<\/span><\/p>\n<table style=\"height: 198px;\" width=\"584\">\n<tbody>\n<tr>\n<td><em><span style=\"color: #000000;\"><strong>Inn<\/strong><\/span><\/em><\/td>\n<td><strong>Overnight stay and breakfast<\/strong><\/td>\n<td><strong>Table d&#8217;h\u00f4te dinner, overnight stay and breakfas<\/strong>t<\/td>\n<\/tr>\n<tr>\n<td>Single occupancy (subject to availability only)<\/td>\n<td>$183 \/ person<\/td>\n<td>$224 \/ person<\/td>\n<\/tr>\n<tr>\n<td>Double occupancy<\/td>\n<td>$106.50 \/ person<\/td>\n<td>$147.50 \/ person<\/td>\n<\/tr>\n<tr>\n<td>Triple occupancy<\/td>\n<td>$81 \/ person<\/td>\n<td>\u00a0$122 \/ person<\/td>\n<\/tr>\n<tr>\n<td>Quadruple occupanc<\/td>\n<td><span style=\"color: #000000;\">$68.25 \/ person<\/span><\/td>\n<td>$109.25 \/ person<\/td>\n<\/tr>\n<\/tbody>\n<\/table>\n<p>* Taxes not included. *2026 Prices<\/p>\n<p>N.B. There is a charge of $10 to $20\/room per night for rooms with private bathroom.<\/p>\n<p>Meals available 7 days a week from 11 a.m. to 2 p.m.*<br \/>\n*When trails are open*<\/p>\n<p>Other packages available. Ask for details!<br \/>\nLiquor license on site.[\/vc_column_text][vc_btn title=&#8221;R\u00e9servez votre s\u00e9jour en pleine nature&#8221; style=&#8221;outline&#8221; shape=&#8221;rounded&#8221; align=&#8221;left&#8221; link=&#8221;url:https%3A%2F%2Fwww.domainevalga.com%2Fen%2Fhebergement%2Fauberge%2F|title:Auberge&#8221; el_class=&#8221;btn-style-2 hash-scroll-wrap&#8221;][\/vc_column][vc_column width=&#8221;1\/2&#8243;][vc_single_image image=&#8221;366&#8243; img_size=&#8221;full&#8221; style=&#8221;vc_box_rounded&#8221; animation_delay=&#8221;700&#8243; animation_type=&#8221;fadeInLeft&#8221;][vc_column_text]<\/p>\n<h3>Snowmobile relay<\/h3>\n<p>From Saturday, January 10 to Sunday, March 15, 2026, we offer lunch every day from 11am to 2pm.*<br \/>\n*When trails are open*<\/p>\n<p>Come and enjoy a delicious homemade menu of the day. We look forward to welcoming you!<\/p>\n<p>*Outside of these dates, please contact us or check our Facebook page for the latest updates![\/vc_column_text][\/vc_column][\/vc_row][vc_row content_placement=&#8221;middle&#8221; parallax=&#8221;content-moving&#8221; parallax_image=&#8221;161&#8243; parallax_speed_bg=&#8221;1.8&#8243; wrap_container=&#8221;yes&#8221; is_section=&#8221;yes&#8221; section_skin=&#8221;parallax&#8221; remove_margin_top=&#8221;yes&#8221; remove_border=&#8221;yes&#8221; el_id=&#8221;reservations&#8221;][vc_column width=&#8221;1\/2&#8243; el_class=&#8221;mb-5 mb-md-0 custom-column-bg py-5&#8243;][vc_custom_heading text=&#8221;Reservations&#8221; font_container=&#8221;tag:h2|font_size:35|text_align:center|color:%23ffffff|line_height:1.2&#8243; use_theme_fonts=&#8221;yes&#8221; font_weight=&#8221;700&#8243; animation_delay=&#8221;400&#8243; el_class=&#8221;mb-3 ls-negative-1&#8243; animation_type=&#8221;maskUp&#8221;][vc_custom_heading text=&#8221;Call us for a personalized offer and service.&#8221; font_container=&#8221;tag:p|text_align:center|color:rgba(255%2C255%2C255%2C0.7)&#8221; use_theme_fonts=&#8221;yes&#8221; font_weight=&#8221;300&#8243; animation_delay=&#8221;600&#8243; animation_type=&#8221;fadeInUp&#8221; el_class=&#8221;px-4&#8243;][vc_custom_heading text=&#8221;(418) 739-4200&#8243; font_container=&#8221;tag:div|font_size:16.8|text_align:center|color:%23ab8b65|line_height:26px&#8221; use_theme_fonts=&#8221;yes&#8221; font_weight=&#8221;700&#8243; animation_delay=&#8221;650&#8243; link=&#8221;url:tel%3A%2B4187394200|||&#8221; animation_type=&#8221;fadeInUp&#8221;][\/vc_column][vc_column width=&#8221;1\/2&#8243;][vc_row_inner el_class=&#8221;justify-content-center&#8221;][vc_column_inner el_class=&#8221;mb-4 mb-md-0&#8243; width=&#8221;1\/2&#8243; animation_delay=&#8221;500&#8243; animation_type=&#8221;fadeInRight&#8221; offset=&#8221;vc_col-md-4&#8243;][vc_custom_heading text=&#8221;Online&#8221; font_container=&#8221;tag:h2|font_size:32|text_align:center|color:%23ffffff|line_height:42px&#8221; use_theme_fonts=&#8221;yes&#8221; font_weight=&#8221;600&#8243; el_class=&#8221;ls-negative-1 mb-3&#8243;][vc_btn title=&#8221;book here&#8221; style=&#8221;outline&#8221; shape=&#8221;rounded&#8221; align=&#8221;center&#8221; skin=&#8221;primary&#8221; animation_delay=&#8221;200&#8243; el_class=&#8221;btn-style-2 hash-scroll-wrap&#8221; animation_type=&#8221;fadeInUp&#8221; link=&#8221;url:https%3A%2F%2Fsecure.reservit.com%2Ffo%2Fbooking%2F58%2F425546%2Favailability%3FspecialMode%3Ddefault%26langcode%3DFR|target:_blank&#8221;][\/vc_column_inner][vc_column_inner width=&#8221;1\/2&#8243; animation_delay=&#8221;700&#8243; offset=&#8221;vc_col-md-4&#8243; animation_type=&#8221;fadeInRight&#8221;][vc_custom_heading text=&#8221;By e-mail&#8221; font_container=&#8221;tag:h2|font_size:32|text_align:center|color:%23ffffff|line_height:42px&#8221; use_theme_fonts=&#8221;yes&#8221; font_weight=&#8221;600&#8243; el_class=&#8221;ls-negative-1 mb-3&#8243;][vc_btn title=&#8221;contact us&#8221; style=&#8221;outline&#8221; shape=&#8221;rounded&#8221; align=&#8221;center&#8221; skin=&#8221;primary&#8221; animation_delay=&#8221;200&#8243; el_class=&#8221;btn-style-2 hash-scroll-wrap&#8221; animation_type=&#8221;fadeInUp&#8221; link=&#8221;url:https%3A%2F%2Fwww.domainevalga.com%2Fen%2Fnous-joindre%2F|title:contact&#8221;][\/vc_column_inner][\/vc_row_inner][\/vc_column][\/vc_row][vc_row no_padding=&#8221;yes&#8221; animation_delay=&#8221;300&#8243; el_id=&#8221;locations&#8221; animation_type=&#8221;fadeIn&#8221;][vc_column][vc_gmaps link=&#8221;#E-8_JTNDaWZyYW1lJTIwc3JjJTNEJTIyaHR0cHMlM0ElMkYlMkZ3d3cuZ29vZ2xlLmNvbSUyRm1hcHMlMkZlbWJlZCUzRnBiJTNEJTIxMW0xNCUyMTFtOCUyMTFtMyUyMTFkMTA1ODUuMzAzMjcwNjQzMyUyMTJkLTY4LjI0OTE2NjclMjEzZDQ4LjQ1MDI3NzglMjEzbTIlMjExaTEwMjQlMjEyaTc2OCUyMTRmMTMuMSUyMTNtMyUyMTFtMiUyMTFzMHgwJTI1M0EweDkwZWQ4NjE1MWFhNDAxNTUlMjEyc0RvbWFpbmUlMjUyMFZhbGdhJTIxNWUwJTIxM20yJTIxMXNlbiUyMTJzY2ElMjE0djE2MDczNjI4NDU1NjAlMjE1bTIlMjExc2VuJTIxMnNjYSUyMiUyMHdpZHRoJTNEJTIyNjAwJTIyJTIwaGVpZ2h0JTNEJTIyNDUwJTIyJTIwZnJhbWVib3JkZXIlM0QlMjIwJTIyJTIwc3R5bGUlM0QlMjJib3JkZXIlM0EwJTNCJTIyJTIwYWxsb3dmdWxsc2NyZWVuJTNEJTIyJTIyJTIwYXJpYS1oaWRkZW4lM0QlMjJmYWxzZSUyMiUyMHRhYmluZGV4JTNEJTIyMCUyMiUzRSUzQyUyRmlmcmFtZSUzRQ==&#8221;][\/vc_column][\/vc_row]<\/p>\n","protected":false},"excerpt":{"rendered":"<p>[vc_row content_placement=&#8221;middle&#8221; wrap_container=&#8221;yes&#8221; is_section=&#8221;yes&#8221; remove_margin_top=&#8221;yes&#8221; remove_border=&#8221;yes&#8221;][vc_column width=&#8221;1\/2&#8243;][vc_column_text]For snowmobile lovers and enthusiasts, come and stay at our magnificent, warm log inn. Intimate and friendly, with 9 bedrooms, you&#8217;ll enjoy hearty, home-cooked meals. We also have 3 magnificent log cabins for rent! Domaine Valga, located 45 minutes from Rimouski, is directly accessible on Bas-St-St-Laurent regional trail #579, [&hellip;]<\/p>\n","protected":false},"author":1,"featured_media":0,"parent":0,"menu_order":0,"comment_status":"closed","ping_status":"closed","template":"","meta":[],"yoast_head":"<!-- This site is optimized with the Yoast SEO plugin v17.8 - https:\/\/yoast.com\/wordpress\/plugins\/seo\/ -->\n<title>Forfaits motoneige - Domaine Valga et For\u00eat de Ma\u00eetre Corbeau : Auberge, Chalets, Sentiers a\u00e9riens<\/title>\n<meta name=\"description\" content=\"Forfaits motoneigistes. Le Domaine Valga, situ\u00e9 \u00e0 45 minutes de Rimouski, est accessible directement sur la piste r\u00e9gionale du Bas-St-St-Laurent #579, \u00e0 seulement 4 km de la piste provinciale #5.\" \/>\n<meta name=\"robots\" content=\"index, follow, max-snippet:-1, max-image-preview:large, max-video-preview:-1\" \/>\n<link rel=\"canonical\" href=\"https:\/\/www.domainevalga.com\/en\/forfaits-motoneige\/\" \/>\n<meta property=\"og:locale\" content=\"fr_CA\" \/>\n<meta property=\"og:type\" content=\"article\" \/>\n<meta property=\"og:title\" content=\"Forfaits motoneige - Domaine Valga et For\u00eat de Ma\u00eetre Corbeau : Auberge, Chalets, Sentiers a\u00e9riens\" \/>\n<meta property=\"og:description\" content=\"Forfaits motoneigistes. Le Domaine Valga, situ\u00e9 \u00e0 45 minutes de Rimouski, est accessible directement sur la piste r\u00e9gionale du Bas-St-St-Laurent #579, \u00e0 seulement 4 km de la piste provinciale #5.\" \/>\n<meta property=\"og:url\" content=\"https:\/\/www.domainevalga.com\/en\/forfaits-motoneige\/\" \/>\n<meta property=\"og:site_name\" content=\"Domaine Valga et For\u00eat de Ma\u00eetre Corbeau : Auberge, Chalets, Sentiers a\u00e9riens\" \/>\n<meta property=\"article:modified_time\" content=\"2025-12-11T20:39:31+00:00\" \/>\n<meta name=\"twitter:card\" content=\"summary_large_image\" \/>\n<meta name=\"twitter:label1\" content=\"Estimation du temps de lecture\" \/>\n\t<meta name=\"twitter:data1\" content=\"2 minutes\" \/>\n<script type=\"application\/ld+json\" class=\"yoast-schema-graph\">{\"@context\":\"https:\/\/schema.org\",\"@graph\":[{\"@type\":\"WebSite\",\"@id\":\"https:\/\/www.domainevalga.com\/en\/#website\",\"url\":\"https:\/\/www.domainevalga.com\/en\/\",\"name\":\"Domaine Valga et For\\u00eat de Ma\\u00eetre Corbeau : Auberge, Chalets, Sentiers a\\u00e9riens\",\"description\":\"Situ\\u00e9 dans le Bas-Saint-Laurent pr\\u00e8s de Rimouski, Domaine Valga est un centre de vill\\u00e9giature au milieu de la nature avec auberge et chalets rustiques. La For\\u00eat de Ma\\u00eetre Corbeau est un parc de sentiers a\\u00e9riens dans les arbres commun\\u00e9ment appel\\u00e9 : h\\u00e9bertiste. Le parc poss\\u00e8de la plus longue tyrolienne au Qu\\u00e9bec.\",\"potentialAction\":[{\"@type\":\"SearchAction\",\"target\":{\"@type\":\"EntryPoint\",\"urlTemplate\":\"https:\/\/www.domainevalga.com\/en\/?s={search_term_string}\"},\"query-input\":\"required name=search_term_string\"}],\"inLanguage\":\"fr-CA\"},{\"@type\":\"WebPage\",\"@id\":\"https:\/\/www.domainevalga.com\/en\/forfaits-motoneige\/#webpage\",\"url\":\"https:\/\/www.domainevalga.com\/en\/forfaits-motoneige\/\",\"name\":\"Forfaits motoneige - Domaine Valga et For\\u00eat de Ma\\u00eetre Corbeau : Auberge, Chalets, Sentiers a\\u00e9riens\",\"isPartOf\":{\"@id\":\"https:\/\/www.domainevalga.com\/en\/#website\"},\"datePublished\":\"2021-02-18T16:25:28+00:00\",\"dateModified\":\"2025-12-11T20:39:31+00:00\",\"description\":\"Forfaits motoneigistes. Le Domaine Valga, situ\\u00e9 \\u00e0 45 minutes de Rimouski, est accessible directement sur la piste r\\u00e9gionale du Bas-St-St-Laurent #579, \\u00e0 seulement 4 km de la piste provinciale #5.\",\"breadcrumb\":{\"@id\":\"https:\/\/www.domainevalga.com\/en\/forfaits-motoneige\/#breadcrumb\"},\"inLanguage\":\"fr-CA\",\"potentialAction\":[{\"@type\":\"ReadAction\",\"target\":[\"https:\/\/www.domainevalga.com\/en\/forfaits-motoneige\/\"]}]},{\"@type\":\"BreadcrumbList\",\"@id\":\"https:\/\/www.domainevalga.com\/en\/forfaits-motoneige\/#breadcrumb\",\"itemListElement\":[{\"@type\":\"ListItem\",\"position\":1,\"name\":\"Accueil\",\"item\":\"https:\/\/www.domainevalga.com\/en\/\"},{\"@type\":\"ListItem\",\"position\":2,\"name\":\"Forfaits motoneige\"}]}]}<\/script>\n<!-- \/ Yoast SEO plugin. -->","yoast_head_json":{"title":"Forfaits motoneige - Domaine Valga et For\u00eat de Ma\u00eetre Corbeau : Auberge, Chalets, Sentiers a\u00e9riens","description":"Forfaits motoneigistes. Le Domaine Valga, situ\u00e9 \u00e0 45 minutes de Rimouski, est accessible directement sur la piste r\u00e9gionale du Bas-St-St-Laurent #579, \u00e0 seulement 4 km de la piste provinciale #5.","robots":{"index":"index","follow":"follow","max-snippet":"max-snippet:-1","max-image-preview":"max-image-preview:large","max-video-preview":"max-video-preview:-1"},"canonical":"https:\/\/www.domainevalga.com\/en\/forfaits-motoneige\/","og_locale":"fr_CA","og_type":"article","og_title":"Forfaits motoneige - Domaine Valga et For\u00eat de Ma\u00eetre Corbeau : Auberge, Chalets, Sentiers a\u00e9riens","og_description":"Forfaits motoneigistes. Le Domaine Valga, situ\u00e9 \u00e0 45 minutes de Rimouski, est accessible directement sur la piste r\u00e9gionale du Bas-St-St-Laurent #579, \u00e0 seulement 4 km de la piste provinciale #5.","og_url":"https:\/\/www.domainevalga.com\/en\/forfaits-motoneige\/","og_site_name":"Domaine Valga et For\u00eat de Ma\u00eetre Corbeau : Auberge, Chalets, Sentiers a\u00e9riens","article_modified_time":"2025-12-11T20:39:31+00:00","twitter_card":"summary_large_image","twitter_misc":{"Estimation du temps de lecture":"2 minutes"},"schema":{"@context":"https:\/\/schema.org","@graph":[{"@type":"WebSite","@id":"https:\/\/www.domainevalga.com\/en\/#website","url":"https:\/\/www.domainevalga.com\/en\/","name":"Domaine Valga et For\u00eat de Ma\u00eetre Corbeau : Auberge, Chalets, Sentiers a\u00e9riens","description":"Situ\u00e9 dans le Bas-Saint-Laurent pr\u00e8s de Rimouski, Domaine Valga est un centre de vill\u00e9giature au milieu de la nature avec auberge et chalets rustiques. La For\u00eat de Ma\u00eetre Corbeau est un parc de sentiers a\u00e9riens dans les arbres commun\u00e9ment appel\u00e9 : h\u00e9bertiste. Le parc poss\u00e8de la plus longue tyrolienne au Qu\u00e9bec.","potentialAction":[{"@type":"SearchAction","target":{"@type":"EntryPoint","urlTemplate":"https:\/\/www.domainevalga.com\/en\/?s={search_term_string}"},"query-input":"required name=search_term_string"}],"inLanguage":"fr-CA"},{"@type":"WebPage","@id":"https:\/\/www.domainevalga.com\/en\/forfaits-motoneige\/#webpage","url":"https:\/\/www.domainevalga.com\/en\/forfaits-motoneige\/","name":"Forfaits motoneige - Domaine Valga et For\u00eat de Ma\u00eetre Corbeau : Auberge, Chalets, Sentiers a\u00e9riens","isPartOf":{"@id":"https:\/\/www.domainevalga.com\/en\/#website"},"datePublished":"2021-02-18T16:25:28+00:00","dateModified":"2025-12-11T20:39:31+00:00","description":"Forfaits motoneigistes. Le Domaine Valga, situ\u00e9 \u00e0 45 minutes de Rimouski, est accessible directement sur la piste r\u00e9gionale du Bas-St-St-Laurent #579, \u00e0 seulement 4 km de la piste provinciale #5.","breadcrumb":{"@id":"https:\/\/www.domainevalga.com\/en\/forfaits-motoneige\/#breadcrumb"},"inLanguage":"fr-CA","potentialAction":[{"@type":"ReadAction","target":["https:\/\/www.domainevalga.com\/en\/forfaits-motoneige\/"]}]},{"@type":"BreadcrumbList","@id":"https:\/\/www.domainevalga.com\/en\/forfaits-motoneige\/#breadcrumb","itemListElement":[{"@type":"ListItem","position":1,"name":"Accueil","item":"https:\/\/www.domainevalga.com\/en\/"},{"@type":"ListItem","position":2,"name":"Forfaits motoneige"}]}]}},"acf":[],"_links":{"self":[{"href":"https:\/\/www.domainevalga.com\/en\/wp-json\/wp\/v2\/pages\/361"}],"collection":[{"href":"https:\/\/www.domainevalga.com\/en\/wp-json\/wp\/v2\/pages"}],"about":[{"href":"https:\/\/www.domainevalga.com\/en\/wp-json\/wp\/v2\/types\/page"}],"author":[{"embeddable":true,"href":"https:\/\/www.domainevalga.com\/en\/wp-json\/wp\/v2\/users\/1"}],"replies":[{"embeddable":true,"href":"https:\/\/www.domainevalga.com\/en\/wp-json\/wp\/v2\/comments?post=361"}],"version-history":[{"count":26,"href":"https:\/\/www.domainevalga.com\/en\/wp-json\/wp\/v2\/pages\/361\/revisions"}],"predecessor-version":[{"id":1439,"href":"https:\/\/www.domainevalga.com\/en\/wp-json\/wp\/v2\/pages\/361\/revisions\/1439"}],"wp:attachment":[{"href":"https:\/\/www.domainevalga.com\/en\/wp-json\/wp\/v2\/media?parent=361"}],"curies":[{"name":"wp","href":"https:\/\/api.w.org\/{rel}","templated":true}]}}