{"id":402,"date":"2021-11-18T15:31:13","date_gmt":"2021-11-18T15:31:13","guid":{"rendered":"https:\/\/www.domainevalga.com\/en\/?page_id=402"},"modified":"2024-07-31T16:08:12","modified_gmt":"2024-07-31T16:08:12","slug":"nous-joindre","status":"publish","type":"page","link":"https:\/\/www.domainevalga.com\/en\/nous-joindre\/","title":{"rendered":"Nous joindre"},"content":{"rendered":"<p>[vc_row content_placement=&#8221;middle&#8221; wrap_container=&#8221;yes&#8221; is_section=&#8221;yes&#8221; remove_margin_top=&#8221;yes&#8221; remove_border=&#8221;yes&#8221; el_id=&#8221;about&#8221;][vc_column width=&#8221;1\/2&#8243;]<div class=\"porto-u-heading\" data-hspacer=\"no_spacer\" data-halign=\"left\" style=\"text-align:left\"><div class=\"porto-u-main-heading\"><h1>Domaine Valga<\/h1><\/div><\/div><div class=\"porto-animation \" data-appear-animation=\"progress100\" data-appear-animation-delay=\"200\">[vc_separator color=&#8221;custom&#8221; align=&#8221;align_left&#8221; border_width=&#8221;4&#8243; el_width=&#8221;25&#8243; style=&#8221;solid&#8221; accent_color=&#8221;#ab8b65&#8243;]<\/div><div class=\"porto-sicon-box style_1 default-icon flex-wrap\"><div class=\"porto-sicon-default\"><div id=\"porto-icon-74017479869f918500c21e\" class=\"porto-just-icon-wrapper\" style=\"text-align:center;\"><div class=\"porto-icon none\" style=\"color:#000000;font-size:12px;display:inline-block;\"><i class=\"fas fa-map-marker-alt\"><\/i><\/div><\/div><\/div><div class=\"porto-sicon-header\" ><p><strong>Domaine Valga:<\/strong><\/p><\/div> <!-- header --><div class=\"porto-sicon-description\" style=\"\"><span style=\"color: #000000;\">300 Chemin des \u00c9corchis<\/span><br \/>\n<span style=\"color: #000000;\">St-Gabriel-de-Rimouski, Qu\u00e9bec<\/span><br \/>\n<span style=\"color: #000000;\">G0K 1M0<\/span><br \/>\n<span style=\"color: #000000;\">Owners: Chantal Vall\u00e9e, \u00c9ric Gagn\u00e9, Catherine Gagn\u00e9 et Maxime Gagn\u00e9\u00a0<\/span><\/div> <!-- description --><\/div><!-- porto-sicon-box --><div class=\"porto-sicon-box style_1 default-icon flex-wrap\"><div class=\"porto-sicon-default\"><div id=\"porto-icon-18547756469f918500c2ea\" class=\"porto-just-icon-wrapper\" style=\"text-align:center;\"><div class=\"porto-icon none\" style=\"color:#000000;font-size:12px;display:inline-block;\"><i class=\"fas fa-envelope\"><\/i><\/div><\/div><\/div><div class=\"porto-sicon-header\" ><p><strong>E-mail us:<\/strong><\/p><\/div> <!-- header --><div class=\"porto-sicon-description\" style=\"\"><a href=\"mailto:info@domainevalga.com\">info@domainevalga.com<\/a><\/div> <!-- description --><\/div><!-- porto-sicon-box --><div class=\"porto-sicon-box style_1 default-icon flex-wrap\"><div class=\"porto-sicon-default\"><div id=\"porto-icon-77537570469f918500c383\" class=\"porto-just-icon-wrapper\" style=\"text-align:center;\"><div class=\"porto-icon none\" style=\"color:#000000;font-size:12px;display:inline-block;\"><i class=\"fas fa-phone-volume\"><\/i><\/div><\/div><\/div><div class=\"porto-sicon-header\" ><p><strong>Phone number:<\/strong><\/p><\/div> <!-- header --><div class=\"porto-sicon-description\" style=\"\"><a href=\"tel:14187394200\"><span style=\"color: #000000;\">(418) 739-4200<\/span><\/a><\/div> <!-- description --><\/div><!-- porto-sicon-box --><div class=\"porto-sicon-box style_1 default-icon flex-wrap\"><div class=\"porto-sicon-default\"><div id=\"porto-icon-71730837869f918500c421\" class=\"porto-just-icon-wrapper\" style=\"text-align:center;\"><div class=\"porto-icon none\" style=\"color:#000000;font-size:12px;display:inline-block;\"><i class=\"fas fa-fax\"><\/i><\/div><\/div><\/div><div class=\"porto-sicon-header\" ><p><strong>T\u00e9l\u00e9copieur :<\/strong><\/p><\/div> <!-- header --><div class=\"porto-sicon-description\" style=\"\"><span style=\"color: #000000;\">(418) 739-4200<\/span><\/div> <!-- description --><\/div><!-- porto-sicon-box --><div class=\"porto-sicon-box style_1 default-icon flex-wrap\"><div class=\"porto-sicon-default\"><div id=\"porto-icon-155567760969f918500c4a2\" class=\"porto-just-icon-wrapper\" style=\"text-align:center;\"><div class=\"porto-icon none\" style=\"color:#000000;font-size:12px;display:inline-block;\"><i class=\"fas fa-map-signs\"><\/i><\/div><\/div><\/div><div class=\"porto-sicon-header\" ><p><strong>Direction:<\/strong><\/p><\/div> <!-- header --><div class=\"porto-sicon-description\" style=\"\"><strong>WINTER access :<\/strong><\/p>\n<p><strong>**ACCESS BY CAR HAS CHANGED<\/strong><\/p>\n<p>Access to Domaine Valga is now via the municipality of St-Gabriel. The usual access via St-Donat is now closed in winter.<\/p>\n<p><strong>** IMPORTANT: DO NOT FOLLOW GOOGLE MAP DIRECTIONS TO GET TO THE DOMAINE VALGA **<\/strong><\/p>\n<p><strong>New indications:<\/strong><\/p>\n<p><strong>If you use a GPS :<\/strong> enter \u00c9picerie St-Laurent, 340, rue principale, St-Gabriel, G0K 1M0 and from this point follow the signs.<\/p>\n<p><strong>If you are NOT using a GPS :<\/strong><\/p>\n<p>\u2022 From Rivi\u00e8re-du-Loup\/Rimouski, on highway 20, take exit #629, turn right towards St-Donat.<br \/>\n\u2022 In St-Donat, turn right at the stop sign, drive about 12 km to the end of the road and turn right at the flashing light.<br \/>\n\u2022 Drive about 2 km to \u00c9picerie St-Laurent, turn right and follow the signs from this point.<\/p>\n<p><strong>SUMMER access :<\/strong><\/p>\n<p>On Highway 20 towards Mont-Joli, take exit 629, towards Ste-Luce, St-Donat. At the stop sign, turn right onto route 298 east and continue for 12 km. In the village of St-Donat, continue for 1 km on route 298 (right, at the stop sign) to Chemin des \u00c9corchis. Continue for 6 km to your destination. Follow the signs!<\/div> <!-- description --><\/div><!-- porto-sicon-box -->[vc_single_image image=&#8221;158&#8243; img_size=&#8221;full&#8221;][\/vc_column][vc_column width=&#8221;1\/2&#8243;][vc_raw_html]JTBBJTIwJTIwJTIwJTIwJTNDaWZyYW1lJTBBJTIwJTIwJTIwJTIwJTIwJTIwaWQlM0QlMjJKb3RGb3JtSUZyYW1lLTIzMDY1NTE0OTc2MjA1NyUyMiUwQSUyMCUyMCUyMCUyMCUyMCUyMHRpdGxlJTNEJTIyRG9tYWluZSUyMFZhbGdhJTIwLSUyMEVuZ2xpc2glMjBGb3JtJTIyJTBBJTIwJTIwJTIwJTIwJTIwJTIwb25sb2FkJTNEJTIyd2luZG93LnBhcmVudC5zY3JvbGxUbyUyODAlMkMwJTI5JTIyJTBBJTIwJTIwJTIwJTIwJTIwJTIwYWxsb3d0cmFuc3BhcmVuY3klM0QlMjJ0cnVlJTIyJTBBJTIwJTIwJTIwJTIwJTIwJTIwYWxsb3clM0QlMjJnZW9sb2NhdGlvbiUzQiUyMG1pY3JvcGhvbmUlM0IlMjBjYW1lcmElM0IlMjBmdWxsc2NyZWVuJTIyJTBBJTIwJTIwJTIwJTIwJTIwJTIwc3JjJTNEJTIyaHR0cHMlM0ElMkYlMkZmb3JtLmpvdGZvcm0uY29tJTJGMjMwNjU1MTQ5NzYyMDU3JTIyJTBBJTIwJTIwJTIwJTIwJTIwJTIwZnJhbWVib3JkZXIlM0QlMjIwJTIyJTBBJTIwJTIwJTIwJTIwJTIwJTIwc3R5bGUlM0QlMjJtaW4td2lkdGglM0ExMDAlMjUlM0JtYXgtd2lkdGglM0ExMDAlMjUlM0JoZWlnaHQlM0E1MzlweCUzQmJvcmRlciUzQW5vbmUlM0IlMjIlMEElMjAlMjAlMjAlMjAlMjAlMjBzY3JvbGxpbmclM0QlMjJubyUyMiUwQSUyMCUyMCUyMCUyMCUzRSUwQSUyMCUyMCUyMCUyMCUzQyUyRmlmcmFtZSUzRSUwQSUyMCUyMCUyMCUyMCUzQ3NjcmlwdCUyMHNyYyUzRCUyN2h0dHBzJTNBJTJGJTJGY2RuLmpvdGZvci5tcyUyRnMlMkZ1bWQlMkZsYXRlc3QlMkZmb3ItZm9ybS1lbWJlZC1oYW5kbGVyLmpzJTI3JTNFJTNDJTJGc2NyaXB0JTNFJTBBJTIwJTIwJTIwJTIwJTNDc2NyaXB0JTNFd2luZG93LmpvdGZvcm1FbWJlZEhhbmRsZXIlMjglMjJpZnJhbWUlNUJpZCUzRCUyN0pvdEZvcm1JRnJhbWUtMjMwNjU1MTQ5NzYyMDU3JTI3JTVEJTIyJTJDJTIwJTIyaHR0cHMlM0ElMkYlMkZmb3JtLmpvdGZvcm0uY29tJTJGJTIyJTI5JTNDJTJGc2NyaXB0JTNFJTBBJTIwJTIwJTIwJTIw[\/vc_raw_html][\/vc_column][\/vc_row][vc_row no_padding=&#8221;yes&#8221; animation_delay=&#8221;300&#8243; el_id=&#8221;locations&#8221; animation_type=&#8221;fadeIn&#8221;][vc_column][vc_gmaps link=&#8221;#E-8_JTNDaWZyYW1lJTIwc3JjJTNEJTIyaHR0cHMlM0ElMkYlMkZ3d3cuZ29vZ2xlLmNvbSUyRm1hcHMlMkZlbWJlZCUzRnBiJTNEJTIxMW0xNCUyMTFtOCUyMTFtMyUyMTFkMTA1ODUuMzAzMjcwNjQzMyUyMTJkLTY4LjI0OTE2NjclMjEzZDQ4LjQ1MDI3NzglMjEzbTIlMjExaTEwMjQlMjEyaTc2OCUyMTRmMTMuMSUyMTNtMyUyMTFtMiUyMTFzMHgwJTI1M0EweDkwZWQ4NjE1MWFhNDAxNTUlMjEyc0RvbWFpbmUlMjUyMFZhbGdhJTIxNWUwJTIxM20yJTIxMXNlbiUyMTJzY2ElMjE0djE2MDczNjI4NDU1NjAlMjE1bTIlMjExc2VuJTIxMnNjYSUyMiUyMHdpZHRoJTNEJTIyNjAwJTIyJTIwaGVpZ2h0JTNEJTIyNDUwJTIyJTIwZnJhbWVib3JkZXIlM0QlMjIwJTIyJTIwc3R5bGUlM0QlMjJib3JkZXIlM0EwJTNCJTIyJTIwYWxsb3dmdWxsc2NyZWVuJTNEJTIyJTIyJTIwYXJpYS1oaWRkZW4lM0QlMjJmYWxzZSUyMiUyMHRhYmluZGV4JTNEJTIyMCUyMiUzRSUzQyUyRmlmcmFtZSUzRQ==&#8221;][\/vc_column][\/vc_row]<\/p>\n","protected":false},"excerpt":{"rendered":"<p>[vc_row content_placement=&#8221;middle&#8221; wrap_container=&#8221;yes&#8221; is_section=&#8221;yes&#8221; remove_margin_top=&#8221;yes&#8221; remove_border=&#8221;yes&#8221; el_id=&#8221;about&#8221;][vc_column width=&#8221;1\/2&#8243;][vc_single_image image=&#8221;158&#8243; img_size=&#8221;full&#8221;][\/vc_column][vc_column width=&#8221;1\/2&#8243;][vc_raw_html]JTBBJTIwJTIwJTIwJTIwJTNDaWZyYW1lJTBBJTIwJTIwJTIwJTIwJTIwJTIwaWQlM0QlMjJKb3RGb3JtSUZyYW1lLTIzMDY1NTE0OTc2MjA1NyUyMiUwQSUyMCUyMCUyMCUyMCUyMCUyMHRpdGxlJTNEJTIyRG9tYWluZSUyMFZhbGdhJTIwLSUyMEVuZ2xpc2glMjBGb3JtJTIyJTBBJTIwJTIwJTIwJTIwJTIwJTIwb25sb2FkJTNEJTIyd2luZG93LnBhcmVudC5zY3JvbGxUbyUyODAlMkMwJTI5JTIyJTBBJTIwJTIwJTIwJTIwJTIwJTIwYWxsb3d0cmFuc3BhcmVuY3klM0QlMjJ0cnVlJTIyJTBBJTIwJTIwJTIwJTIwJTIwJTIwYWxsb3clM0QlMjJnZW9sb2NhdGlvbiUzQiUyMG1pY3JvcGhvbmUlM0IlMjBjYW1lcmElM0IlMjBmdWxsc2NyZWVuJTIyJTBBJTIwJTIwJTIwJTIwJTIwJTIwc3JjJTNEJTIyaHR0cHMlM0ElMkYlMkZmb3JtLmpvdGZvcm0uY29tJTJGMjMwNjU1MTQ5NzYyMDU3JTIyJTBBJTIwJTIwJTIwJTIwJTIwJTIwZnJhbWVib3JkZXIlM0QlMjIwJTIyJTBBJTIwJTIwJTIwJTIwJTIwJTIwc3R5bGUlM0QlMjJtaW4td2lkdGglM0ExMDAlMjUlM0JtYXgtd2lkdGglM0ExMDAlMjUlM0JoZWlnaHQlM0E1MzlweCUzQmJvcmRlciUzQW5vbmUlM0IlMjIlMEElMjAlMjAlMjAlMjAlMjAlMjBzY3JvbGxpbmclM0QlMjJubyUyMiUwQSUyMCUyMCUyMCUyMCUzRSUwQSUyMCUyMCUyMCUyMCUzQyUyRmlmcmFtZSUzRSUwQSUyMCUyMCUyMCUyMCUzQ3NjcmlwdCUyMHNyYyUzRCUyN2h0dHBzJTNBJTJGJTJGY2RuLmpvdGZvci5tcyUyRnMlMkZ1bWQlMkZsYXRlc3QlMkZmb3ItZm9ybS1lbWJlZC1oYW5kbGVyLmpzJTI3JTNFJTNDJTJGc2NyaXB0JTNFJTBBJTIwJTIwJTIwJTIwJTNDc2NyaXB0JTNFd2luZG93LmpvdGZvcm1FbWJlZEhhbmRsZXIlMjglMjJpZnJhbWUlNUJpZCUzRCUyN0pvdEZvcm1JRnJhbWUtMjMwNjU1MTQ5NzYyMDU3JTI3JTVEJTIyJTJDJTIwJTIyaHR0cHMlM0ElMkYlMkZmb3JtLmpvdGZvcm0uY29tJTJGJTIyJTI5JTNDJTJGc2NyaXB0JTNFJTBBJTIwJTIwJTIwJTIw[\/vc_raw_html][\/vc_column][\/vc_row][vc_row no_padding=&#8221;yes&#8221; animation_delay=&#8221;300&#8243; el_id=&#8221;locations&#8221; animation_type=&#8221;fadeIn&#8221;][vc_column][vc_gmaps link=&#8221;#E-8_JTNDaWZyYW1lJTIwc3JjJTNEJTIyaHR0cHMlM0ElMkYlMkZ3d3cuZ29vZ2xlLmNvbSUyRm1hcHMlMkZlbWJlZCUzRnBiJTNEJTIxMW0xNCUyMTFtOCUyMTFtMyUyMTFkMTA1ODUuMzAzMjcwNjQzMyUyMTJkLTY4LjI0OTE2NjclMjEzZDQ4LjQ1MDI3NzglMjEzbTIlMjExaTEwMjQlMjEyaTc2OCUyMTRmMTMuMSUyMTNtMyUyMTFtMiUyMTFzMHgwJTI1M0EweDkwZWQ4NjE1MWFhNDAxNTUlMjEyc0RvbWFpbmUlMjUyMFZhbGdhJTIxNWUwJTIxM20yJTIxMXNlbiUyMTJzY2ElMjE0djE2MDczNjI4NDU1NjAlMjE1bTIlMjExc2VuJTIxMnNjYSUyMiUyMHdpZHRoJTNEJTIyNjAwJTIyJTIwaGVpZ2h0JTNEJTIyNDUwJTIyJTIwZnJhbWVib3JkZXIlM0QlMjIwJTIyJTIwc3R5bGUlM0QlMjJib3JkZXIlM0EwJTNCJTIyJTIwYWxsb3dmdWxsc2NyZWVuJTNEJTIyJTIyJTIwYXJpYS1oaWRkZW4lM0QlMjJmYWxzZSUyMiUyMHRhYmluZGV4JTNEJTIyMCUyMiUzRSUzQyUyRmlmcmFtZSUzRQ==&#8221;][\/vc_column][\/vc_row]<\/p>\n","protected":false},"author":1,"featured_media":0,"parent":0,"menu_order":0,"comment_status":"closed","ping_status":"closed","template":"","meta":[],"yoast_head":"<!-- This site is optimized with the Yoast SEO plugin v17.8 - https:\/\/yoast.com\/wordpress\/plugins\/seo\/ -->\n<title>Nous joindre - Domaine Valga et For\u00eat de Ma\u00eetre Corbeau : Auberge, Chalets, Sentiers a\u00e9riens<\/title>\n<meta name=\"description\" content=\"Domaine Valga, 300 Chemin des \u00c9corchisSt-Gabriel-de-Rimouski, Qu\u00e9becG0K 1M0, Courriel:info@domainevalga.comT\u00e9l\u00e9phone:(418) 739-4200T\u00e9l\u00e9copieur :(418) 739-4200\" \/>\n<meta name=\"robots\" content=\"index, follow, max-snippet:-1, max-image-preview:large, max-video-preview:-1\" \/>\n<link rel=\"canonical\" href=\"https:\/\/www.domainevalga.com\/en\/nous-joindre\/\" \/>\n<meta property=\"og:locale\" content=\"fr_CA\" \/>\n<meta property=\"og:type\" content=\"article\" \/>\n<meta property=\"og:title\" content=\"Nous joindre - Domaine Valga et For\u00eat de Ma\u00eetre Corbeau : Auberge, Chalets, Sentiers a\u00e9riens\" \/>\n<meta property=\"og:description\" content=\"Domaine Valga, 300 Chemin des \u00c9corchisSt-Gabriel-de-Rimouski, Qu\u00e9becG0K 1M0, Courriel:info@domainevalga.comT\u00e9l\u00e9phone:(418) 739-4200T\u00e9l\u00e9copieur :(418) 739-4200\" \/>\n<meta property=\"og:url\" content=\"https:\/\/www.domainevalga.com\/en\/nous-joindre\/\" \/>\n<meta property=\"og:site_name\" content=\"Domaine Valga et For\u00eat de Ma\u00eetre Corbeau : Auberge, Chalets, Sentiers a\u00e9riens\" \/>\n<meta property=\"article:modified_time\" content=\"2024-07-31T16:08:12+00:00\" \/>\n<meta name=\"twitter:card\" content=\"summary_large_image\" \/>\n<meta name=\"twitter:label1\" content=\"Estimation du temps de lecture\" \/>\n\t<meta name=\"twitter:data1\" content=\"2 minutes\" \/>\n<script type=\"application\/ld+json\" class=\"yoast-schema-graph\">{\"@context\":\"https:\/\/schema.org\",\"@graph\":[{\"@type\":\"WebSite\",\"@id\":\"https:\/\/www.domainevalga.com\/en\/#website\",\"url\":\"https:\/\/www.domainevalga.com\/en\/\",\"name\":\"Domaine Valga et For\\u00eat de Ma\\u00eetre Corbeau : Auberge, Chalets, Sentiers a\\u00e9riens\",\"description\":\"Situ\\u00e9 dans le Bas-Saint-Laurent pr\\u00e8s de Rimouski, Domaine Valga est un centre de vill\\u00e9giature au milieu de la nature avec auberge et chalets rustiques. La For\\u00eat de Ma\\u00eetre Corbeau est un parc de sentiers a\\u00e9riens dans les arbres commun\\u00e9ment appel\\u00e9 : h\\u00e9bertiste. Le parc poss\\u00e8de la plus longue tyrolienne au Qu\\u00e9bec.\",\"potentialAction\":[{\"@type\":\"SearchAction\",\"target\":{\"@type\":\"EntryPoint\",\"urlTemplate\":\"https:\/\/www.domainevalga.com\/en\/?s={search_term_string}\"},\"query-input\":\"required name=search_term_string\"}],\"inLanguage\":\"fr-CA\"},{\"@type\":\"WebPage\",\"@id\":\"https:\/\/www.domainevalga.com\/en\/nous-joindre\/#webpage\",\"url\":\"https:\/\/www.domainevalga.com\/en\/nous-joindre\/\",\"name\":\"Nous joindre - Domaine Valga et For\\u00eat de Ma\\u00eetre Corbeau : Auberge, Chalets, Sentiers a\\u00e9riens\",\"isPartOf\":{\"@id\":\"https:\/\/www.domainevalga.com\/en\/#website\"},\"datePublished\":\"2021-11-18T15:31:13+00:00\",\"dateModified\":\"2024-07-31T16:08:12+00:00\",\"description\":\"Domaine Valga, 300 Chemin des \\u00c9corchisSt-Gabriel-de-Rimouski, Qu\\u00e9becG0K 1M0, Courriel:info@domainevalga.comT\\u00e9l\\u00e9phone:(418) 739-4200T\\u00e9l\\u00e9copieur :(418) 739-4200\",\"breadcrumb\":{\"@id\":\"https:\/\/www.domainevalga.com\/en\/nous-joindre\/#breadcrumb\"},\"inLanguage\":\"fr-CA\",\"potentialAction\":[{\"@type\":\"ReadAction\",\"target\":[\"https:\/\/www.domainevalga.com\/en\/nous-joindre\/\"]}]},{\"@type\":\"BreadcrumbList\",\"@id\":\"https:\/\/www.domainevalga.com\/en\/nous-joindre\/#breadcrumb\",\"itemListElement\":[{\"@type\":\"ListItem\",\"position\":1,\"name\":\"Accueil\",\"item\":\"https:\/\/www.domainevalga.com\/en\/\"},{\"@type\":\"ListItem\",\"position\":2,\"name\":\"Nous joindre\"}]}]}<\/script>\n<!-- \/ Yoast SEO plugin. -->","yoast_head_json":{"title":"Nous joindre - Domaine Valga et For\u00eat de Ma\u00eetre Corbeau : Auberge, Chalets, Sentiers a\u00e9riens","description":"Domaine Valga, 300 Chemin des \u00c9corchisSt-Gabriel-de-Rimouski, Qu\u00e9becG0K 1M0, Courriel:info@domainevalga.comT\u00e9l\u00e9phone:(418) 739-4200T\u00e9l\u00e9copieur :(418) 739-4200","robots":{"index":"index","follow":"follow","max-snippet":"max-snippet:-1","max-image-preview":"max-image-preview:large","max-video-preview":"max-video-preview:-1"},"canonical":"https:\/\/www.domainevalga.com\/en\/nous-joindre\/","og_locale":"fr_CA","og_type":"article","og_title":"Nous joindre - Domaine Valga et For\u00eat de Ma\u00eetre Corbeau : Auberge, Chalets, Sentiers a\u00e9riens","og_description":"Domaine Valga, 300 Chemin des \u00c9corchisSt-Gabriel-de-Rimouski, Qu\u00e9becG0K 1M0, Courriel:info@domainevalga.comT\u00e9l\u00e9phone:(418) 739-4200T\u00e9l\u00e9copieur :(418) 739-4200","og_url":"https:\/\/www.domainevalga.com\/en\/nous-joindre\/","og_site_name":"Domaine Valga et For\u00eat de Ma\u00eetre Corbeau : Auberge, Chalets, Sentiers a\u00e9riens","article_modified_time":"2024-07-31T16:08:12+00:00","twitter_card":"summary_large_image","twitter_misc":{"Estimation du temps de lecture":"2 minutes"},"schema":{"@context":"https:\/\/schema.org","@graph":[{"@type":"WebSite","@id":"https:\/\/www.domainevalga.com\/en\/#website","url":"https:\/\/www.domainevalga.com\/en\/","name":"Domaine Valga et For\u00eat de Ma\u00eetre Corbeau : Auberge, Chalets, Sentiers a\u00e9riens","description":"Situ\u00e9 dans le Bas-Saint-Laurent pr\u00e8s de Rimouski, Domaine Valga est un centre de vill\u00e9giature au milieu de la nature avec auberge et chalets rustiques. La For\u00eat de Ma\u00eetre Corbeau est un parc de sentiers a\u00e9riens dans les arbres commun\u00e9ment appel\u00e9 : h\u00e9bertiste. Le parc poss\u00e8de la plus longue tyrolienne au Qu\u00e9bec.","potentialAction":[{"@type":"SearchAction","target":{"@type":"EntryPoint","urlTemplate":"https:\/\/www.domainevalga.com\/en\/?s={search_term_string}"},"query-input":"required name=search_term_string"}],"inLanguage":"fr-CA"},{"@type":"WebPage","@id":"https:\/\/www.domainevalga.com\/en\/nous-joindre\/#webpage","url":"https:\/\/www.domainevalga.com\/en\/nous-joindre\/","name":"Nous joindre - Domaine Valga et For\u00eat de Ma\u00eetre Corbeau : Auberge, Chalets, Sentiers a\u00e9riens","isPartOf":{"@id":"https:\/\/www.domainevalga.com\/en\/#website"},"datePublished":"2021-11-18T15:31:13+00:00","dateModified":"2024-07-31T16:08:12+00:00","description":"Domaine Valga, 300 Chemin des \u00c9corchisSt-Gabriel-de-Rimouski, Qu\u00e9becG0K 1M0, Courriel:info@domainevalga.comT\u00e9l\u00e9phone:(418) 739-4200T\u00e9l\u00e9copieur :(418) 739-4200","breadcrumb":{"@id":"https:\/\/www.domainevalga.com\/en\/nous-joindre\/#breadcrumb"},"inLanguage":"fr-CA","potentialAction":[{"@type":"ReadAction","target":["https:\/\/www.domainevalga.com\/en\/nous-joindre\/"]}]},{"@type":"BreadcrumbList","@id":"https:\/\/www.domainevalga.com\/en\/nous-joindre\/#breadcrumb","itemListElement":[{"@type":"ListItem","position":1,"name":"Accueil","item":"https:\/\/www.domainevalga.com\/en\/"},{"@type":"ListItem","position":2,"name":"Nous joindre"}]}]}},"acf":[],"_links":{"self":[{"href":"https:\/\/www.domainevalga.com\/en\/wp-json\/wp\/v2\/pages\/402"}],"collection":[{"href":"https:\/\/www.domainevalga.com\/en\/wp-json\/wp\/v2\/pages"}],"about":[{"href":"https:\/\/www.domainevalga.com\/en\/wp-json\/wp\/v2\/types\/page"}],"author":[{"embeddable":true,"href":"https:\/\/www.domainevalga.com\/en\/wp-json\/wp\/v2\/users\/1"}],"replies":[{"embeddable":true,"href":"https:\/\/www.domainevalga.com\/en\/wp-json\/wp\/v2\/comments?post=402"}],"version-history":[{"count":19,"href":"https:\/\/www.domainevalga.com\/en\/wp-json\/wp\/v2\/pages\/402\/revisions"}],"predecessor-version":[{"id":1417,"href":"https:\/\/www.domainevalga.com\/en\/wp-json\/wp\/v2\/pages\/402\/revisions\/1417"}],"wp:attachment":[{"href":"https:\/\/www.domainevalga.com\/en\/wp-json\/wp\/v2\/media?parent=402"}],"curies":[{"name":"wp","href":"https:\/\/api.w.org\/{rel}","templated":true}]}}