{"id":481,"date":"2021-11-18T18:35:08","date_gmt":"2021-11-18T18:35:08","guid":{"rendered":"https:\/\/www.domainevalga.com\/en\/?page_id=481"},"modified":"2025-12-11T20:15:35","modified_gmt":"2025-12-11T20:15:35","slug":"activites-nautiques","status":"publish","type":"page","link":"https:\/\/www.domainevalga.com\/en\/activites\/activites-nautiques\/","title":{"rendered":"activit\u00e9s nautiques"},"content":{"rendered":"<p>[vc_row content_placement=&#8221;middle&#8221; wrap_container=&#8221;yes&#8221; is_section=&#8221;yes&#8221; remove_margin_top=&#8221;yes&#8221; remove_border=&#8221;yes&#8221; el_id=&#8221;about&#8221;][vc_column width=&#8221;1\/2&#8243;]<div class=\"porto-u-heading\" data-hspacer=\"no_spacer\" data-halign=\"left\" style=\"text-align:left\"><div class=\"porto-u-main-heading\"><h1>Nautical activities<\/h1><\/div><\/div><div class=\"porto-animation \" data-appear-animation=\"progress100\" data-appear-animation-delay=\"200\">[vc_separator color=&#8221;custom&#8221; align=&#8221;align_left&#8221; border_width=&#8221;4&#8243; el_width=&#8221;25&#8243; style=&#8221;solid&#8221; accent_color=&#8221;#ab8b65&#8243;]<\/div>[vc_column_text]<\/p>\n<h3 style=\"vertical-align: baseline; margin: 0cm 0cm 15.0pt 0cm;\">Kayaking (reservation required)<\/h3>\n<table style=\"height: 111px;\" width=\"519\">\n<tbody>\n<tr>\n<td>Category<\/td>\n<td><span style=\"color: #000000;\"><strong>Price per hour<\/strong><\/span><\/td>\n<\/tr>\n<tr>\n<td>Tandem kayak or canoe<\/td>\n<td><span style=\"color: #000000;\">25$ taxes included<\/span><\/td>\n<\/tr>\n<tr>\n<td><span style=\"color: #000000;\">Kayak solo<\/span><\/td>\n<td><span style=\"color: #000000;\">20$ taxes included<\/span><\/td>\n<\/tr>\n<\/tbody>\n<\/table>\n<p>* There is no access fee if you rent a watercraft.<br \/>\n** Please note that we do not accept watercrafts other than ours.[\/vc_column_text][vc_column_text]<\/p>\n<h3 style=\"vertical-align: baseline; margin: 0cm 0cm 15.0pt 0cm;\">Paddle board (reservation required)<\/h3>\n<table style=\"height: 111px;\" width=\"519\">\n<tbody>\n<tr>\n<td><strong>Category<\/strong><\/td>\n<td><strong>Price per hour<\/strong><\/td>\n<\/tr>\n<tr>\n<td>9\u2032 long board<\/td>\n<td><span style=\"color: #000000;\">29$ taxes included<\/span><\/td>\n<\/tr>\n<tr>\n<td>11\u2032 long board<\/td>\n<td><span style=\"color: #000000;\">29$ taxes included<\/span><\/td>\n<\/tr>\n<\/tbody>\n<\/table>\n<p>* There is no access fee if you rent a watercraft.<br \/>\n** Please note that we do not accept watercrafts other than ours.[\/vc_column_text][\/vc_column][vc_column width=&#8221;1\/2&#8243;][vc_single_image image=&#8221;482&#8243; img_size=&#8221;full&#8221; style=&#8221;vc_box_rounded&#8221; animation_delay=&#8221;700&#8243; animation_type=&#8221;fadeInLeft&#8221;][\/vc_column][\/vc_row][vc_row content_placement=&#8221;middle&#8221; wrap_container=&#8221;yes&#8221; is_section=&#8221;yes&#8221; remove_margin_top=&#8221;yes&#8221; remove_border=&#8221;yes&#8221; el_id=&#8221;about&#8221;][vc_column width=&#8221;1\/2&#8243;][vc_single_image image=&#8221;499&#8243; img_size=&#8221;full&#8221; style=&#8221;vc_box_rounded&#8221; animation_delay=&#8221;700&#8243; animation_type=&#8221;fadeInLeft&#8221;][\/vc_column][vc_column width=&#8221;1\/2&#8243;]<h2 class=\"word-rotator letters type mb-4\" data-appear-animation=\"fadeInUp\" data-appear-animation-delay=\"200\" style=\"font-size:35px;line-height:49px;text-align:left;\" data-plugin-options=\"{'waittime': 2500, 'pauseOnHover': true}\"><span class=\"word-rotate-prefix\" style=\"font-weight:700;font-size:35px !important;line-height:49px !important;\">Services and site access<\/span> <span class=\"word-rotator-items waiting\" style=\"font-weight:700;\"><b class=\"active\"><\/b><\/span><\/h2><div class=\"porto-animation \" data-appear-animation=\"progress100\" data-appear-animation-delay=\"200\">[vc_separator color=&#8221;custom&#8221; align=&#8221;align_left&#8221; border_width=&#8221;4&#8243; el_width=&#8221;25&#8243; style=&#8221;solid&#8221; accent_color=&#8221;#ab8b65&#8243;]<\/div>[vc_column_text]It is possible to have access to the site for the day without doing any activity or renting a watercraft. A site access fee is payable upon arrival. This gives access to the lakeside, picnic area, trails, sanitary facilities and swimming.<\/p>\n<p>Site access 12 years and over: $8 taxes included<br \/>\nSite access 6 to 11 years (access to ground games): $6 taxes included<br \/>\nSite access 2 to 5 years (access to ground games): $4 taxes included<\/p>\n<h3>Services available near activities<\/h3>\n<p>Lodging (inns and cabins) and catering (reservations required)<br \/>\nBeverages and frozen treats<br \/>\nGazebo and picnic tables<br \/>\nSanitary facilities<br \/>\nSmall heated building with indoor table for bad weather<br \/>\nKayak, canoe and paddle board rentals<br \/>\nSwimming (unsupervised)[\/vc_column_text][\/vc_column][\/vc_row][vc_row no_padding=&#8221;yes&#8221;][vc_column width=&#8221;1\/3&#8243; el_class=&#8221;col-sm-4&#8243; offset=&#8221;vc_col-md-2&#8243;][vc_single_image image=&#8221;485&#8243; img_size=&#8221;full&#8221; onclick=&#8221;img_link_large&#8221; lightbox=&#8221;yes&#8221; image_gallery=&#8221;yes&#8221; hover_effect=&#8221;yes&#8221; el_class=&#8221;mb-0&#8243;][\/vc_column][vc_column width=&#8221;1\/3&#8243; el_class=&#8221;col-sm-4&#8243; offset=&#8221;vc_col-md-2&#8243;][vc_single_image image=&#8221;694&#8243; img_size=&#8221;full&#8221; onclick=&#8221;img_link_large&#8221; lightbox=&#8221;yes&#8221; image_gallery=&#8221;yes&#8221; hover_effect=&#8221;yes&#8221; el_class=&#8221;mb-0&#8243;][\/vc_column][vc_column width=&#8221;1\/3&#8243; el_class=&#8221;col-sm-4&#8243; offset=&#8221;vc_col-md-2&#8243;][vc_single_image image=&#8221;695&#8243; img_size=&#8221;full&#8221; onclick=&#8221;img_link_large&#8221; lightbox=&#8221;yes&#8221; image_gallery=&#8221;yes&#8221; hover_effect=&#8221;yes&#8221; el_class=&#8221;mb-0&#8243;][\/vc_column][vc_column width=&#8221;1\/3&#8243; el_class=&#8221;col-sm-4&#8243; offset=&#8221;vc_col-md-2&#8243;][vc_single_image image=&#8221;488&#8243; img_size=&#8221;full&#8221; onclick=&#8221;img_link_large&#8221; lightbox=&#8221;yes&#8221; image_gallery=&#8221;yes&#8221; hover_effect=&#8221;yes&#8221; el_class=&#8221;mb-0&#8243;][\/vc_column][vc_column width=&#8221;1\/3&#8243; el_class=&#8221;col-sm-4&#8243; offset=&#8221;vc_col-md-2&#8243;][vc_single_image image=&#8221;489&#8243; img_size=&#8221;full&#8221; onclick=&#8221;img_link_large&#8221; lightbox=&#8221;yes&#8221; image_gallery=&#8221;yes&#8221; hover_effect=&#8221;yes&#8221; el_class=&#8221;mb-0&#8243;][\/vc_column][vc_column width=&#8221;1\/3&#8243; el_class=&#8221;col-sm-4&#8243; offset=&#8221;vc_col-md-2&#8243;][vc_single_image image=&#8221;490&#8243; img_size=&#8221;full&#8221; onclick=&#8221;img_link_large&#8221; lightbox=&#8221;yes&#8221; image_gallery=&#8221;yes&#8221; hover_effect=&#8221;yes&#8221; el_class=&#8221;mb-0&#8243;][\/vc_column][\/vc_row][vc_row content_placement=&#8221;middle&#8221; parallax=&#8221;content-moving&#8221; parallax_image=&#8221;161&#8243; parallax_speed_bg=&#8221;1.8&#8243; wrap_container=&#8221;yes&#8221; is_section=&#8221;yes&#8221; section_skin=&#8221;parallax&#8221; remove_margin_top=&#8221;yes&#8221; remove_border=&#8221;yes&#8221; el_id=&#8221;reservations&#8221;][vc_column width=&#8221;1\/2&#8243; el_class=&#8221;mb-5 mb-md-0 custom-column-bg py-5&#8243;][vc_custom_heading text=&#8221;Reservations&#8221; font_container=&#8221;tag:h2|font_size:35|text_align:center|color:%23ffffff|line_height:1.2&#8243; use_theme_fonts=&#8221;yes&#8221; font_weight=&#8221;700&#8243; animation_delay=&#8221;400&#8243; el_class=&#8221;mb-3 ls-negative-1&#8243; animation_type=&#8221;maskUp&#8221;][vc_custom_heading text=&#8221;Call us for a personalized offer and service.&#8221; font_container=&#8221;tag:p|text_align:center|color:rgba(255%2C255%2C255%2C0.7)&#8221; use_theme_fonts=&#8221;yes&#8221; font_weight=&#8221;300&#8243; animation_delay=&#8221;600&#8243; animation_type=&#8221;fadeInUp&#8221; el_class=&#8221;px-4&#8243;][vc_custom_heading text=&#8221;(418) 739-4200&#8243; font_container=&#8221;tag:div|font_size:16.8|text_align:center|color:%23ab8b65|line_height:26px&#8221; use_theme_fonts=&#8221;yes&#8221; font_weight=&#8221;700&#8243; animation_delay=&#8221;650&#8243; link=&#8221;url:tel%3A%2B4187394200|||&#8221; animation_type=&#8221;fadeInUp&#8221;][\/vc_column][vc_column width=&#8221;1\/2&#8243;][vc_row_inner el_class=&#8221;justify-content-center&#8221;][vc_column_inner el_class=&#8221;mb-4 mb-md-0&#8243; width=&#8221;1\/2&#8243; animation_delay=&#8221;500&#8243; animation_type=&#8221;fadeInRight&#8221; offset=&#8221;vc_col-md-4&#8243;][vc_custom_heading text=&#8221;Online&#8221; font_container=&#8221;tag:h2|font_size:32|text_align:center|color:%23ffffff|line_height:42px&#8221; use_theme_fonts=&#8221;yes&#8221; font_weight=&#8221;600&#8243; el_class=&#8221;ls-negative-1 mb-3&#8243;][vc_btn title=&#8221;BOOK HERE&#8221; style=&#8221;outline&#8221; shape=&#8221;rounded&#8221; align=&#8221;center&#8221; skin=&#8221;primary&#8221; animation_delay=&#8221;200&#8243; el_class=&#8221;btn-style-2 hash-scroll-wrap&#8221; animation_type=&#8221;fadeInUp&#8221; link=&#8221;url:https%3A%2F%2Fsecure.reservit.com%2Ffo%2Fbooking%2F58%2F425546%2Favailability%3FspecialMode%3Ddefault%26langcode%3DFR|target:_blank&#8221;][\/vc_column_inner][vc_column_inner width=&#8221;1\/2&#8243; animation_delay=&#8221;700&#8243; offset=&#8221;vc_col-md-4&#8243; animation_type=&#8221;fadeInRight&#8221;][vc_custom_heading text=&#8221;By e-mail&#8221; font_container=&#8221;tag:h2|font_size:32|text_align:center|color:%23ffffff|line_height:42px&#8221; use_theme_fonts=&#8221;yes&#8221; font_weight=&#8221;600&#8243; el_class=&#8221;ls-negative-1 mb-3&#8243;][vc_btn title=&#8221;CONTACT US&#8221; style=&#8221;outline&#8221; shape=&#8221;rounded&#8221; align=&#8221;center&#8221; skin=&#8221;primary&#8221; animation_delay=&#8221;200&#8243; el_class=&#8221;btn-style-2 hash-scroll-wrap&#8221; animation_type=&#8221;fadeInUp&#8221; link=&#8221;url:https%3A%2F%2Fwww.domainevalga.com%2Fen%2Fnous-joindre%2F|title:contact&#8221;][\/vc_column_inner][\/vc_row_inner][\/vc_column][\/vc_row][vc_row no_padding=&#8221;yes&#8221; animation_delay=&#8221;300&#8243; el_id=&#8221;locations&#8221; animation_type=&#8221;fadeIn&#8221;][vc_column][vc_gmaps link=&#8221;#E-8_JTNDaWZyYW1lJTIwc3JjJTNEJTIyaHR0cHMlM0ElMkYlMkZ3d3cuZ29vZ2xlLmNvbSUyRm1hcHMlMkZlbWJlZCUzRnBiJTNEJTIxMW0xNCUyMTFtOCUyMTFtMyUyMTFkMTA1ODUuMzAzMjcwNjQzMyUyMTJkLTY4LjI0OTE2NjclMjEzZDQ4LjQ1MDI3NzglMjEzbTIlMjExaTEwMjQlMjEyaTc2OCUyMTRmMTMuMSUyMTNtMyUyMTFtMiUyMTFzMHgwJTI1M0EweDkwZWQ4NjE1MWFhNDAxNTUlMjEyc0RvbWFpbmUlMjUyMFZhbGdhJTIxNWUwJTIxM20yJTIxMXNlbiUyMTJzY2ElMjE0djE2MDczNjI4NDU1NjAlMjE1bTIlMjExc2VuJTIxMnNjYSUyMiUyMHdpZHRoJTNEJTIyNjAwJTIyJTIwaGVpZ2h0JTNEJTIyNDUwJTIyJTIwZnJhbWVib3JkZXIlM0QlMjIwJTIyJTIwc3R5bGUlM0QlMjJib3JkZXIlM0EwJTNCJTIyJTIwYWxsb3dmdWxsc2NyZWVuJTNEJTIyJTIyJTIwYXJpYS1oaWRkZW4lM0QlMjJmYWxzZSUyMiUyMHRhYmluZGV4JTNEJTIyMCUyMiUzRSUzQyUyRmlmcmFtZSUzRQ==&#8221;][\/vc_column][\/vc_row]<\/p>\n","protected":false},"excerpt":{"rendered":"<p>[vc_row content_placement=&#8221;middle&#8221; wrap_container=&#8221;yes&#8221; is_section=&#8221;yes&#8221; remove_margin_top=&#8221;yes&#8221; remove_border=&#8221;yes&#8221; el_id=&#8221;about&#8221;][vc_column width=&#8221;1\/2&#8243;][vc_column_text] Kayaking (reservation required) Category Price per hour Tandem kayak or canoe 25$ taxes included Kayak solo 20$ taxes included * There is no access fee if you rent a watercraft. ** Please note that we do not accept watercrafts other than ours.[\/vc_column_text][vc_column_text] Paddle board (reservation required) Category [&hellip;]<\/p>\n","protected":false},"author":1,"featured_media":0,"parent":1096,"menu_order":0,"comment_status":"closed","ping_status":"closed","template":"","meta":[],"yoast_head":"<!-- This site is optimized with the Yoast SEO plugin v17.8 - https:\/\/yoast.com\/wordpress\/plugins\/seo\/ -->\n<title>activit\u00e9s nautiques - Domaine Valga et For\u00eat de Ma\u00eetre Corbeau : Auberge, Chalets, Sentiers a\u00e9riens<\/title>\n<meta name=\"description\" content=\"Activit\u00e9s Nautiques. Kayak (r\u00e9servation obligatoire). Planche \u00e0 rame (paddle board) (r\u00e9servation obligatoire).\" \/>\n<meta name=\"robots\" content=\"index, follow, max-snippet:-1, max-image-preview:large, max-video-preview:-1\" \/>\n<link rel=\"canonical\" href=\"https:\/\/www.domainevalga.com\/en\/activites\/activites-nautiques\/\" \/>\n<meta property=\"og:locale\" content=\"fr_CA\" \/>\n<meta property=\"og:type\" content=\"article\" \/>\n<meta property=\"og:title\" content=\"activit\u00e9s nautiques - Domaine Valga et For\u00eat de Ma\u00eetre Corbeau : Auberge, Chalets, Sentiers a\u00e9riens\" \/>\n<meta property=\"og:description\" content=\"Activit\u00e9s Nautiques. Kayak (r\u00e9servation obligatoire). Planche \u00e0 rame (paddle board) (r\u00e9servation obligatoire).\" \/>\n<meta property=\"og:url\" content=\"https:\/\/www.domainevalga.com\/en\/activites\/activites-nautiques\/\" \/>\n<meta property=\"og:site_name\" content=\"Domaine Valga et For\u00eat de Ma\u00eetre Corbeau : Auberge, Chalets, Sentiers a\u00e9riens\" \/>\n<meta property=\"article:modified_time\" content=\"2025-12-11T20:15:35+00:00\" \/>\n<meta name=\"twitter:card\" content=\"summary_large_image\" \/>\n<meta name=\"twitter:label1\" content=\"Estimation du temps de lecture\" \/>\n\t<meta name=\"twitter:data1\" content=\"3 minutes\" \/>\n<script type=\"application\/ld+json\" class=\"yoast-schema-graph\">{\"@context\":\"https:\/\/schema.org\",\"@graph\":[{\"@type\":\"WebSite\",\"@id\":\"https:\/\/www.domainevalga.com\/en\/#website\",\"url\":\"https:\/\/www.domainevalga.com\/en\/\",\"name\":\"Domaine Valga et For\\u00eat de Ma\\u00eetre Corbeau : Auberge, Chalets, Sentiers a\\u00e9riens\",\"description\":\"Situ\\u00e9 dans le Bas-Saint-Laurent pr\\u00e8s de Rimouski, Domaine Valga est un centre de vill\\u00e9giature au milieu de la nature avec auberge et chalets rustiques. La For\\u00eat de Ma\\u00eetre Corbeau est un parc de sentiers a\\u00e9riens dans les arbres commun\\u00e9ment appel\\u00e9 : h\\u00e9bertiste. Le parc poss\\u00e8de la plus longue tyrolienne au Qu\\u00e9bec.\",\"potentialAction\":[{\"@type\":\"SearchAction\",\"target\":{\"@type\":\"EntryPoint\",\"urlTemplate\":\"https:\/\/www.domainevalga.com\/en\/?s={search_term_string}\"},\"query-input\":\"required name=search_term_string\"}],\"inLanguage\":\"fr-CA\"},{\"@type\":\"WebPage\",\"@id\":\"https:\/\/www.domainevalga.com\/en\/activites\/activites-nautiques\/#webpage\",\"url\":\"https:\/\/www.domainevalga.com\/en\/activites\/activites-nautiques\/\",\"name\":\"activit\\u00e9s nautiques - Domaine Valga et For\\u00eat de Ma\\u00eetre Corbeau : Auberge, Chalets, Sentiers a\\u00e9riens\",\"isPartOf\":{\"@id\":\"https:\/\/www.domainevalga.com\/en\/#website\"},\"datePublished\":\"2021-11-18T18:35:08+00:00\",\"dateModified\":\"2025-12-11T20:15:35+00:00\",\"description\":\"Activit\\u00e9s Nautiques. Kayak (r\\u00e9servation obligatoire). Planche \\u00e0 rame (paddle board) (r\\u00e9servation obligatoire).\",\"breadcrumb\":{\"@id\":\"https:\/\/www.domainevalga.com\/en\/activites\/activites-nautiques\/#breadcrumb\"},\"inLanguage\":\"fr-CA\",\"potentialAction\":[{\"@type\":\"ReadAction\",\"target\":[\"https:\/\/www.domainevalga.com\/en\/activites\/activites-nautiques\/\"]}]},{\"@type\":\"BreadcrumbList\",\"@id\":\"https:\/\/www.domainevalga.com\/en\/activites\/activites-nautiques\/#breadcrumb\",\"itemListElement\":[{\"@type\":\"ListItem\",\"position\":1,\"name\":\"Accueil\",\"item\":\"https:\/\/www.domainevalga.com\/en\/\"},{\"@type\":\"ListItem\",\"position\":2,\"name\":\"Activit\\u00e9s\",\"item\":\"https:\/\/www.domainevalga.com\/en\/activites\/\"},{\"@type\":\"ListItem\",\"position\":3,\"name\":\"activit\\u00e9s nautiques\"}]}]}<\/script>\n<!-- \/ Yoast SEO plugin. -->","yoast_head_json":{"title":"activit\u00e9s nautiques - Domaine Valga et For\u00eat de Ma\u00eetre Corbeau : Auberge, Chalets, Sentiers a\u00e9riens","description":"Activit\u00e9s Nautiques. Kayak (r\u00e9servation obligatoire). Planche \u00e0 rame (paddle board) (r\u00e9servation obligatoire).","robots":{"index":"index","follow":"follow","max-snippet":"max-snippet:-1","max-image-preview":"max-image-preview:large","max-video-preview":"max-video-preview:-1"},"canonical":"https:\/\/www.domainevalga.com\/en\/activites\/activites-nautiques\/","og_locale":"fr_CA","og_type":"article","og_title":"activit\u00e9s nautiques - Domaine Valga et For\u00eat de Ma\u00eetre Corbeau : Auberge, Chalets, Sentiers a\u00e9riens","og_description":"Activit\u00e9s Nautiques. Kayak (r\u00e9servation obligatoire). Planche \u00e0 rame (paddle board) (r\u00e9servation obligatoire).","og_url":"https:\/\/www.domainevalga.com\/en\/activites\/activites-nautiques\/","og_site_name":"Domaine Valga et For\u00eat de Ma\u00eetre Corbeau : Auberge, Chalets, Sentiers a\u00e9riens","article_modified_time":"2025-12-11T20:15:35+00:00","twitter_card":"summary_large_image","twitter_misc":{"Estimation du temps de lecture":"3 minutes"},"schema":{"@context":"https:\/\/schema.org","@graph":[{"@type":"WebSite","@id":"https:\/\/www.domainevalga.com\/en\/#website","url":"https:\/\/www.domainevalga.com\/en\/","name":"Domaine Valga et For\u00eat de Ma\u00eetre Corbeau : Auberge, Chalets, Sentiers a\u00e9riens","description":"Situ\u00e9 dans le Bas-Saint-Laurent pr\u00e8s de Rimouski, Domaine Valga est un centre de vill\u00e9giature au milieu de la nature avec auberge et chalets rustiques. La For\u00eat de Ma\u00eetre Corbeau est un parc de sentiers a\u00e9riens dans les arbres commun\u00e9ment appel\u00e9 : h\u00e9bertiste. Le parc poss\u00e8de la plus longue tyrolienne au Qu\u00e9bec.","potentialAction":[{"@type":"SearchAction","target":{"@type":"EntryPoint","urlTemplate":"https:\/\/www.domainevalga.com\/en\/?s={search_term_string}"},"query-input":"required name=search_term_string"}],"inLanguage":"fr-CA"},{"@type":"WebPage","@id":"https:\/\/www.domainevalga.com\/en\/activites\/activites-nautiques\/#webpage","url":"https:\/\/www.domainevalga.com\/en\/activites\/activites-nautiques\/","name":"activit\u00e9s nautiques - Domaine Valga et For\u00eat de Ma\u00eetre Corbeau : Auberge, Chalets, Sentiers a\u00e9riens","isPartOf":{"@id":"https:\/\/www.domainevalga.com\/en\/#website"},"datePublished":"2021-11-18T18:35:08+00:00","dateModified":"2025-12-11T20:15:35+00:00","description":"Activit\u00e9s Nautiques. Kayak (r\u00e9servation obligatoire). Planche \u00e0 rame (paddle board) (r\u00e9servation obligatoire).","breadcrumb":{"@id":"https:\/\/www.domainevalga.com\/en\/activites\/activites-nautiques\/#breadcrumb"},"inLanguage":"fr-CA","potentialAction":[{"@type":"ReadAction","target":["https:\/\/www.domainevalga.com\/en\/activites\/activites-nautiques\/"]}]},{"@type":"BreadcrumbList","@id":"https:\/\/www.domainevalga.com\/en\/activites\/activites-nautiques\/#breadcrumb","itemListElement":[{"@type":"ListItem","position":1,"name":"Accueil","item":"https:\/\/www.domainevalga.com\/en\/"},{"@type":"ListItem","position":2,"name":"Activit\u00e9s","item":"https:\/\/www.domainevalga.com\/en\/activites\/"},{"@type":"ListItem","position":3,"name":"activit\u00e9s nautiques"}]}]}},"acf":[],"_links":{"self":[{"href":"https:\/\/www.domainevalga.com\/en\/wp-json\/wp\/v2\/pages\/481"}],"collection":[{"href":"https:\/\/www.domainevalga.com\/en\/wp-json\/wp\/v2\/pages"}],"about":[{"href":"https:\/\/www.domainevalga.com\/en\/wp-json\/wp\/v2\/types\/page"}],"author":[{"embeddable":true,"href":"https:\/\/www.domainevalga.com\/en\/wp-json\/wp\/v2\/users\/1"}],"replies":[{"embeddable":true,"href":"https:\/\/www.domainevalga.com\/en\/wp-json\/wp\/v2\/comments?post=481"}],"version-history":[{"count":21,"href":"https:\/\/www.domainevalga.com\/en\/wp-json\/wp\/v2\/pages\/481\/revisions"}],"predecessor-version":[{"id":1435,"href":"https:\/\/www.domainevalga.com\/en\/wp-json\/wp\/v2\/pages\/481\/revisions\/1435"}],"up":[{"embeddable":true,"href":"https:\/\/www.domainevalga.com\/en\/wp-json\/wp\/v2\/pages\/1096"}],"wp:attachment":[{"href":"https:\/\/www.domainevalga.com\/en\/wp-json\/wp\/v2\/media?parent=481"}],"curies":[{"name":"wp","href":"https:\/\/api.w.org\/{rel}","templated":true}]}}