{"id":586,"date":"2021-11-19T01:42:18","date_gmt":"2021-11-19T01:42:18","guid":{"rendered":"https:\/\/www.domainevalga.com\/en\/?page_id=586"},"modified":"2025-12-11T20:32:39","modified_gmt":"2025-12-11T20:32:39","slug":"auberge","status":"publish","type":"page","link":"https:\/\/www.domainevalga.com\/en\/hebergement\/auberge\/","title":{"rendered":"Auberge"},"content":{"rendered":"<p>[vc_row content_placement=&#8221;middle&#8221; wrap_container=&#8221;yes&#8221; is_section=&#8221;yes&#8221; remove_margin_top=&#8221;yes&#8221; remove_border=&#8221;yes&#8221; el_id=&#8221;about&#8221;][vc_column width=&#8221;1\/2&#8243;]<div class=\"porto-u-heading\" data-hspacer=\"no_spacer\" data-halign=\"left\" style=\"text-align:left\"><div class=\"porto-u-main-heading\"><h1>Rooms with private bathroom<\/h1><\/div><\/div><div class=\"porto-animation \" data-appear-animation=\"progress100\" data-appear-animation-delay=\"200\">[vc_separator color=&#8221;custom&#8221; align=&#8221;align_left&#8221; border_width=&#8221;4&#8243; el_width=&#8221;25&#8243; style=&#8221;solid&#8221; accent_color=&#8221;#ab8b65&#8243;]<\/div>[vc_column_text]<\/p>\n<h3>2 bedrooms with<\/h3>\n<p>1 queen-size bed<br \/>\nSmall desk<br \/>\nFull bathroom with shower<\/p>\n<hr \/>\n<h3>1 very large bedroom with<\/h3>\n<p>2 queen-size beds<br \/>\n2 desks<br \/>\nScreen to divide bedroom into 2<br \/>\nFull bathroom with shower<\/p>\n<hr \/>\n<h3>1 large bedroom with<\/h3>\n<p>1 queen-size bed<br \/>\n1 single bed<br \/>\n1 futon, small desk<br \/>\nRound table with chairs<br \/>\nFull bathroom with shower<br \/>\nPrivate outdoor exit.<\/p>\n<hr \/>\n<p>Available 12 months a year<br \/>\nWIFI available free of charge<br \/>\nBedding and towels included<br \/>\nElectric car charging stations available on site<\/p>\n<hr \/>\n<p class=\"p1\">From <strong>$193<\/strong>\u00a0double occupancy, breakfast included<br \/>\nFrom <strong>$274<\/strong>\u00a0double occ., dinner and breakfast included<\/p>\n<p>*2026 rates*<\/p>\n<p class=\"p1\"><a href=\"https:\/\/www.domainevalga.com\/en\/wp-content\/uploads\/2023\/07\/certificat-211783.jpg\" target=\"_blank\" rel=\"noopener\"><span class=\"s1\" style=\"color: #000000;\">CITQ #211783<\/span><\/a><\/p>\n<p>[\/vc_column_text][\/vc_column][vc_column width=&#8221;1\/2&#8243;][vc_single_image image=&#8221;899&#8243; img_size=&#8221;full&#8221; style=&#8221;vc_box_rounded&#8221; animation_delay=&#8221;700&#8243; animation_type=&#8221;fadeInLeft&#8221;][\/vc_column][\/vc_row][vc_row no_padding=&#8221;yes&#8221;][vc_column width=&#8221;1\/3&#8243; el_class=&#8221;col-sm-4&#8243; offset=&#8221;vc_col-md-2&#8243;][vc_single_image image=&#8221;885&#8243; img_size=&#8221;full&#8221; onclick=&#8221;img_link_large&#8221; lightbox=&#8221;yes&#8221; image_gallery=&#8221;yes&#8221; hover_effect=&#8221;yes&#8221; el_class=&#8221;mb-0&#8243;][\/vc_column][vc_column width=&#8221;1\/3&#8243; el_class=&#8221;col-sm-4&#8243; offset=&#8221;vc_col-md-2&#8243;][vc_single_image image=&#8221;886&#8243; img_size=&#8221;full&#8221; onclick=&#8221;img_link_large&#8221; lightbox=&#8221;yes&#8221; image_gallery=&#8221;yes&#8221; hover_effect=&#8221;yes&#8221; el_class=&#8221;mb-0&#8243;][\/vc_column][vc_column width=&#8221;1\/3&#8243; el_class=&#8221;col-sm-4&#8243; offset=&#8221;vc_col-md-2&#8243;][vc_single_image image=&#8221;887&#8243; img_size=&#8221;full&#8221; onclick=&#8221;img_link_large&#8221; lightbox=&#8221;yes&#8221; image_gallery=&#8221;yes&#8221; hover_effect=&#8221;yes&#8221; el_class=&#8221;mb-0&#8243;][\/vc_column][vc_column width=&#8221;1\/3&#8243; el_class=&#8221;col-sm-4&#8243; offset=&#8221;vc_col-md-2&#8243;][vc_single_image image=&#8221;888&#8243; img_size=&#8221;full&#8221; onclick=&#8221;img_link_large&#8221; lightbox=&#8221;yes&#8221; image_gallery=&#8221;yes&#8221; hover_effect=&#8221;yes&#8221; el_class=&#8221;mb-0&#8243;][\/vc_column][vc_column width=&#8221;1\/3&#8243; el_class=&#8221;col-sm-4&#8243; offset=&#8221;vc_col-md-2&#8243;][vc_single_image image=&#8221;889&#8243; img_size=&#8221;full&#8221; onclick=&#8221;img_link_large&#8221; lightbox=&#8221;yes&#8221; image_gallery=&#8221;yes&#8221; hover_effect=&#8221;yes&#8221; el_class=&#8221;mb-0&#8243;][\/vc_column][vc_column width=&#8221;1\/3&#8243; el_class=&#8221;col-sm-4&#8243; offset=&#8221;vc_col-md-2&#8243;][vc_single_image image=&#8221;890&#8243; img_size=&#8221;full&#8221; onclick=&#8221;img_link_large&#8221; lightbox=&#8221;yes&#8221; image_gallery=&#8221;yes&#8221; hover_effect=&#8221;yes&#8221; el_class=&#8221;mb-0&#8243;][\/vc_column][\/vc_row][vc_row content_placement=&#8221;middle&#8221; wrap_container=&#8221;yes&#8221; is_section=&#8221;yes&#8221; remove_margin_top=&#8221;yes&#8221; remove_border=&#8221;yes&#8221; el_id=&#8221;about&#8221;][vc_column width=&#8221;1\/2&#8243;]<h2 class=\"word-rotator letters type mb-4\" data-appear-animation=\"fadeInUp\" data-appear-animation-delay=\"200\" style=\"font-size:35px;line-height:49px;text-align:left;\" data-plugin-options=\"{'waittime': 2500, 'pauseOnHover': true}\"><span class=\"word-rotate-prefix\" style=\"font-weight:700;font-size:35px !important;line-height:49px !important;\">Rooms with shared bathroom<\/span> <span class=\"word-rotator-items waiting\" style=\"font-weight:700;\"><b class=\"active\"><\/b><\/span><\/h2><div class=\"porto-animation \" data-appear-animation=\"progress100\" data-appear-animation-delay=\"200\">[vc_separator color=&#8221;custom&#8221; align=&#8221;align_left&#8221; border_width=&#8221;4&#8243; el_width=&#8221;25&#8243; style=&#8221;solid&#8221; accent_color=&#8221;#ab8b65&#8243;]<\/div>[vc_column_text]<\/p>\n<h3>4 bedrooms with<\/h3>\n<p>1 queen-size bed<br \/>\n1 single<br \/>\nDesk<br \/>\nSink<\/p>\n<hr \/>\n<h3>1 bedroom with<\/h3>\n<p>2 double bunk beds<br \/>\n1 single bed<br \/>\nDesk<br \/>\nSink<\/p>\n<hr \/>\n<p>Available 12 months a year<br \/>\nWIFI available free of charge<br \/>\nBedding and towels included<br \/>\nElectric car charging stations available on site<\/p>\n<hr \/>\n<p>From <strong>$183<\/strong>\u00a0double occupancy, breakfast included<br \/>\nFrom <strong>$264<\/strong>\u00a0double occ., dinner and breakfast included<\/p>\n<p>*2026 rates*<\/p>\n<p class=\"p1\"><a href=\"https:\/\/www.domainevalga.com\/en\/wp-content\/uploads\/2023\/07\/certificat-211783.jpg\" target=\"_blank\" rel=\"noopener\"><span class=\"s1\" style=\"color: #000000;\">CITQ #211783<\/span><\/a><\/p>\n<p>[\/vc_column_text][\/vc_column][vc_column width=&#8221;1\/2&#8243;][vc_single_image image=&#8221;542&#8243; img_size=&#8221;full&#8221; style=&#8221;vc_box_rounded&#8221; animation_delay=&#8221;700&#8243; animation_type=&#8221;fadeInLeft&#8221;][\/vc_column][\/vc_row][vc_row no_padding=&#8221;yes&#8221;][vc_column width=&#8221;1\/3&#8243; el_class=&#8221;col-sm-4&#8243; offset=&#8221;vc_col-md-2&#8243;][vc_single_image image=&#8221;891&#8243; img_size=&#8221;full&#8221; onclick=&#8221;img_link_large&#8221; lightbox=&#8221;yes&#8221; image_gallery=&#8221;yes&#8221; hover_effect=&#8221;yes&#8221; el_class=&#8221;mb-0&#8243;][\/vc_column][vc_column width=&#8221;1\/3&#8243; el_class=&#8221;col-sm-4&#8243; offset=&#8221;vc_col-md-2&#8243;][vc_single_image image=&#8221;892&#8243; img_size=&#8221;full&#8221; onclick=&#8221;img_link_large&#8221; lightbox=&#8221;yes&#8221; image_gallery=&#8221;yes&#8221; hover_effect=&#8221;yes&#8221; el_class=&#8221;mb-0&#8243;][\/vc_column][vc_column width=&#8221;1\/3&#8243; el_class=&#8221;col-sm-4&#8243; offset=&#8221;vc_col-md-2&#8243;][vc_single_image image=&#8221;893&#8243; img_size=&#8221;full&#8221; onclick=&#8221;img_link_large&#8221; lightbox=&#8221;yes&#8221; image_gallery=&#8221;yes&#8221; hover_effect=&#8221;yes&#8221; el_class=&#8221;mb-0&#8243;][\/vc_column][vc_column width=&#8221;1\/3&#8243; el_class=&#8221;col-sm-4&#8243; offset=&#8221;vc_col-md-2&#8243;][vc_single_image image=&#8221;894&#8243; img_size=&#8221;full&#8221; onclick=&#8221;img_link_large&#8221; lightbox=&#8221;yes&#8221; image_gallery=&#8221;yes&#8221; hover_effect=&#8221;yes&#8221; el_class=&#8221;mb-0&#8243;][\/vc_column][vc_column width=&#8221;1\/3&#8243; el_class=&#8221;col-sm-4&#8243; offset=&#8221;vc_col-md-2&#8243;][vc_single_image image=&#8221;895&#8243; img_size=&#8221;full&#8221; onclick=&#8221;img_link_large&#8221; lightbox=&#8221;yes&#8221; image_gallery=&#8221;yes&#8221; hover_effect=&#8221;yes&#8221; el_class=&#8221;mb-0&#8243;][\/vc_column][vc_column width=&#8221;1\/3&#8243; el_class=&#8221;col-sm-4&#8243; offset=&#8221;vc_col-md-2&#8243;][vc_single_image image=&#8221;896&#8243; img_size=&#8221;full&#8221; onclick=&#8221;img_link_large&#8221; lightbox=&#8221;yes&#8221; image_gallery=&#8221;yes&#8221; hover_effect=&#8221;yes&#8221; el_class=&#8221;mb-0&#8243;][\/vc_column][\/vc_row][vc_row content_placement=&#8221;middle&#8221; parallax=&#8221;content-moving&#8221; parallax_image=&#8221;161&#8243; parallax_speed_bg=&#8221;1.8&#8243; wrap_container=&#8221;yes&#8221; is_section=&#8221;yes&#8221; section_skin=&#8221;parallax&#8221; remove_margin_top=&#8221;yes&#8221; remove_border=&#8221;yes&#8221; el_id=&#8221;reservations&#8221;][vc_column width=&#8221;1\/2&#8243; el_class=&#8221;mb-5 mb-md-0 custom-column-bg py-5&#8243;][vc_custom_heading text=&#8221;Reservations&#8221; font_container=&#8221;tag:h2|font_size:35|text_align:center|color:%23ffffff|line_height:1.2&#8243; use_theme_fonts=&#8221;yes&#8221; font_weight=&#8221;700&#8243; animation_delay=&#8221;400&#8243; el_class=&#8221;mb-3 ls-negative-1&#8243; animation_type=&#8221;maskUp&#8221;][vc_custom_heading text=&#8221;Call us for a personalized offer and service.&#8221; font_container=&#8221;tag:p|text_align:center|color:rgba(255%2C255%2C255%2C0.7)&#8221; use_theme_fonts=&#8221;yes&#8221; font_weight=&#8221;300&#8243; animation_delay=&#8221;600&#8243; animation_type=&#8221;fadeInUp&#8221; el_class=&#8221;px-4&#8243;][vc_custom_heading text=&#8221;(418) 739-4200&#8243; font_container=&#8221;tag:div|font_size:16.8|text_align:center|color:%23ab8b65|line_height:26px&#8221; use_theme_fonts=&#8221;yes&#8221; font_weight=&#8221;700&#8243; animation_delay=&#8221;650&#8243; link=&#8221;url:tel%3A%2B4187394200|||&#8221; animation_type=&#8221;fadeInUp&#8221;][\/vc_column][vc_column width=&#8221;1\/2&#8243;][vc_row_inner el_class=&#8221;justify-content-center&#8221;][vc_column_inner width=&#8221;1\/2&#8243; animation_delay=&#8221;700&#8243; offset=&#8221;vc_col-md-4&#8243; animation_type=&#8221;fadeInRight&#8221;][vc_custom_heading text=&#8221;Online&#8221; font_container=&#8221;tag:h2|font_size:32|text_align:center|color:%23ffffff|line_height:42px&#8221; use_theme_fonts=&#8221;yes&#8221; font_weight=&#8221;600&#8243; el_class=&#8221;ls-negative-1 mb-3&#8243;][vc_btn title=&#8221;book here&#8221; style=&#8221;outline&#8221; shape=&#8221;rounded&#8221; align=&#8221;center&#8221; skin=&#8221;primary&#8221; animation_delay=&#8221;200&#8243; el_class=&#8221;btn-style-2 hash-scroll-wrap&#8221; animation_type=&#8221;fadeInUp&#8221; link=&#8221;url:https%3A%2F%2Fsecure.reservit.com%2Ffo%2Fbooking%2F58%2F425546%2Favailability%3FspecialMode%3Ddefault%26langcode%3DFR|title:contact&#8221;][\/vc_column_inner][vc_column_inner width=&#8221;1\/2&#8243;][vc_custom_heading text=&#8221;By e-mail&#8221; font_container=&#8221;tag:h2|font_size:32|text_align:center|color:%23ffffff|line_height:42px&#8221; use_theme_fonts=&#8221;yes&#8221; font_weight=&#8221;600&#8243; el_class=&#8221;ls-negative-1 mb-3&#8243;][vc_btn title=&#8221;contact us&#8221; style=&#8221;outline&#8221; shape=&#8221;rounded&#8221; align=&#8221;center&#8221; skin=&#8221;primary&#8221; animation_delay=&#8221;200&#8243; el_class=&#8221;btn-style-2 hash-scroll-wrap&#8221; animation_type=&#8221;fadeInUp&#8221; link=&#8221;url:https%3A%2F%2Fwww.domainevalga.com%2Fen%2Fnous-joindre%2F|title:contact&#8221;][\/vc_column_inner][\/vc_row_inner][\/vc_column][\/vc_row][vc_row wrap_container=&#8221;yes&#8221; is_section=&#8221;yes&#8221; remove_margin_top=&#8221;yes&#8221; remove_margin_bottom=&#8221;yes&#8221; remove_padding_top=&#8221;yes&#8221; remove_padding_bottom=&#8221;yes&#8221; remove_border=&#8221;yes&#8221;][vc_column][vc_row_inner el_class=&#8221;mb-5&#8243;][vc_column_inner][vc_empty_space][vc_empty_space]<div class=\"porto-testimonial wpb_content_element \"><div class=\"testimonial\"><blockquote><p>Very warm welcome, beautiful log construction. In the middle of a beautiful forest and a magnificent lake where you can fish for trout. Nice break, nice place, nice people to meet.<\/p><\/blockquote><div class=\"testimonial-arrow-down\"><\/div><div class=\"testimonial-author clearfix\"><p><strong>M. Castelou<\/strong><span><\/span><\/p><\/div><\/div><\/div><div class=\"porto-testimonial wpb_content_element \"><div class=\"testimonial\"><blockquote><p>We did two activities at this resort and were surprised by both! The staff are friendly and pleasant. They are very helpful and funny. The location is breathtaking. A short walk through the woods to get to this resort is clearly worth it.<\/p><\/blockquote><div class=\"testimonial-arrow-down\"><\/div><div class=\"testimonial-author clearfix\"><p><strong>R. Mercier<\/strong><span><\/span><\/p><\/div><\/div><\/div><div class=\"porto-testimonial wpb_content_element \"><div class=\"testimonial\"><blockquote><p>We spent 2 days at Domaine du Valga. We loved the simple but warm welcome, family atmosphere, no fuss: just what we were looking for.<br \/>\nWe also recommend the snowmobile tours, which are very well supervised.<br \/>\nWe recommend it without hesitation!<\/p><\/blockquote><div class=\"testimonial-arrow-down\"><\/div><div class=\"testimonial-author clearfix\"><p><strong>E. Gerum<\/strong><span><\/span><\/p><\/div><\/div><\/div><div class=\"porto-testimonial wpb_content_element \"><div class=\"testimonial\"><blockquote><p>Excellent service and welcome! The resort is magnificent, and the rooms are beautiful and comfortable.<\/p><\/blockquote><div class=\"testimonial-arrow-down\"><\/div><div class=\"testimonial-author clearfix\"><p><strong>L. Zygo<\/strong><span><\/span><\/p><\/div><\/div><\/div><div class=\"porto-testimonial wpb_content_element \"><div class=\"testimonial\"><blockquote><p>Excellent service et accueil ! Le domaine est magnifique, les chambres sont tr\u00e8s belles et confortables.<\/p><\/blockquote><div class=\"testimonial-arrow-down\"><\/div><div class=\"testimonial-author clearfix\"><p><strong>R. Robache<\/strong><span><\/span><\/p><\/div><\/div><\/div>[\/vc_column_inner][\/vc_row_inner][\/vc_column][\/vc_row][vc_row no_padding=&#8221;yes&#8221; animation_delay=&#8221;300&#8243; el_id=&#8221;locations&#8221; animation_type=&#8221;fadeIn&#8221;][vc_column][vc_gmaps link=&#8221;#E-8_JTNDaWZyYW1lJTIwc3JjJTNEJTIyaHR0cHMlM0ElMkYlMkZ3d3cuZ29vZ2xlLmNvbSUyRm1hcHMlMkZlbWJlZCUzRnBiJTNEJTIxMW0xNCUyMTFtOCUyMTFtMyUyMTFkMTA1ODUuMzAzMjcwNjQzMyUyMTJkLTY4LjI0OTE2NjclMjEzZDQ4LjQ1MDI3NzglMjEzbTIlMjExaTEwMjQlMjEyaTc2OCUyMTRmMTMuMSUyMTNtMyUyMTFtMiUyMTFzMHgwJTI1M0EweDkwZWQ4NjE1MWFhNDAxNTUlMjEyc0RvbWFpbmUlMjUyMFZhbGdhJTIxNWUwJTIxM20yJTIxMXNlbiUyMTJzY2ElMjE0djE2MDczNjI4NDU1NjAlMjE1bTIlMjExc2VuJTIxMnNjYSUyMiUyMHdpZHRoJTNEJTIyNjAwJTIyJTIwaGVpZ2h0JTNEJTIyNDUwJTIyJTIwZnJhbWVib3JkZXIlM0QlMjIwJTIyJTIwc3R5bGUlM0QlMjJib3JkZXIlM0EwJTNCJTIyJTIwYWxsb3dmdWxsc2NyZWVuJTNEJTIyJTIyJTIwYXJpYS1oaWRkZW4lM0QlMjJmYWxzZSUyMiUyMHRhYmluZGV4JTNEJTIyMCUyMiUzRSUzQyUyRmlmcmFtZSUzRQ==&#8221;][\/vc_column][\/vc_row]<\/p>\n","protected":false},"excerpt":{"rendered":"<p>[vc_row content_placement=&#8221;middle&#8221; wrap_container=&#8221;yes&#8221; is_section=&#8221;yes&#8221; remove_margin_top=&#8221;yes&#8221; remove_border=&#8221;yes&#8221; el_id=&#8221;about&#8221;][vc_column width=&#8221;1\/2&#8243;][vc_column_text] 2 bedrooms with 1 queen-size bed Small desk Full bathroom with shower 1 very large bedroom with 2 queen-size beds 2 desks Screen to divide bedroom into 2 Full bathroom with shower 1 large bedroom with 1 queen-size bed 1 single bed 1 futon, small desk Round [&hellip;]<\/p>\n","protected":false},"author":1,"featured_media":0,"parent":1041,"menu_order":0,"comment_status":"closed","ping_status":"closed","template":"","meta":[],"yoast_head":"<!-- This site is optimized with the Yoast SEO plugin v17.8 - https:\/\/yoast.com\/wordpress\/plugins\/seo\/ -->\n<title>Auberge - Domaine Valga et For\u00eat de Ma\u00eetre Corbeau : Auberge, Chalets, Sentiers a\u00e9riens<\/title>\n<meta name=\"description\" content=\"Chambres avec salle de bain priv\u00e9e et Chambres avec salles de bain partag\u00e9es.\" \/>\n<meta name=\"robots\" content=\"index, follow, max-snippet:-1, max-image-preview:large, max-video-preview:-1\" \/>\n<link rel=\"canonical\" href=\"https:\/\/www.domainevalga.com\/en\/hebergement\/auberge\/\" \/>\n<meta property=\"og:locale\" content=\"fr_CA\" \/>\n<meta property=\"og:type\" content=\"article\" \/>\n<meta property=\"og:title\" content=\"Auberge - Domaine Valga et For\u00eat de Ma\u00eetre Corbeau : Auberge, Chalets, Sentiers a\u00e9riens\" \/>\n<meta property=\"og:description\" content=\"Chambres avec salle de bain priv\u00e9e et Chambres avec salles de bain partag\u00e9es.\" \/>\n<meta property=\"og:url\" content=\"https:\/\/www.domainevalga.com\/en\/hebergement\/auberge\/\" \/>\n<meta property=\"og:site_name\" content=\"Domaine Valga et For\u00eat de Ma\u00eetre Corbeau : Auberge, Chalets, Sentiers a\u00e9riens\" \/>\n<meta property=\"article:modified_time\" content=\"2025-12-11T20:32:39+00:00\" \/>\n<meta name=\"twitter:card\" content=\"summary_large_image\" \/>\n<meta name=\"twitter:label1\" content=\"Estimation du temps de lecture\" \/>\n\t<meta name=\"twitter:data1\" content=\"4 minutes\" \/>\n<script type=\"application\/ld+json\" class=\"yoast-schema-graph\">{\"@context\":\"https:\/\/schema.org\",\"@graph\":[{\"@type\":\"WebSite\",\"@id\":\"https:\/\/www.domainevalga.com\/en\/#website\",\"url\":\"https:\/\/www.domainevalga.com\/en\/\",\"name\":\"Domaine Valga et For\\u00eat de Ma\\u00eetre Corbeau : Auberge, Chalets, Sentiers a\\u00e9riens\",\"description\":\"Situ\\u00e9 dans le Bas-Saint-Laurent pr\\u00e8s de Rimouski, Domaine Valga est un centre de vill\\u00e9giature au milieu de la nature avec auberge et chalets rustiques. La For\\u00eat de Ma\\u00eetre Corbeau est un parc de sentiers a\\u00e9riens dans les arbres commun\\u00e9ment appel\\u00e9 : h\\u00e9bertiste. Le parc poss\\u00e8de la plus longue tyrolienne au Qu\\u00e9bec.\",\"potentialAction\":[{\"@type\":\"SearchAction\",\"target\":{\"@type\":\"EntryPoint\",\"urlTemplate\":\"https:\/\/www.domainevalga.com\/en\/?s={search_term_string}\"},\"query-input\":\"required name=search_term_string\"}],\"inLanguage\":\"fr-CA\"},{\"@type\":\"WebPage\",\"@id\":\"https:\/\/www.domainevalga.com\/en\/hebergement\/auberge\/#webpage\",\"url\":\"https:\/\/www.domainevalga.com\/en\/hebergement\/auberge\/\",\"name\":\"Auberge - Domaine Valga et For\\u00eat de Ma\\u00eetre Corbeau : Auberge, Chalets, Sentiers a\\u00e9riens\",\"isPartOf\":{\"@id\":\"https:\/\/www.domainevalga.com\/en\/#website\"},\"datePublished\":\"2021-11-19T01:42:18+00:00\",\"dateModified\":\"2025-12-11T20:32:39+00:00\",\"description\":\"Chambres avec salle de bain priv\\u00e9e et Chambres avec salles de bain partag\\u00e9es.\",\"breadcrumb\":{\"@id\":\"https:\/\/www.domainevalga.com\/en\/hebergement\/auberge\/#breadcrumb\"},\"inLanguage\":\"fr-CA\",\"potentialAction\":[{\"@type\":\"ReadAction\",\"target\":[\"https:\/\/www.domainevalga.com\/en\/hebergement\/auberge\/\"]}]},{\"@type\":\"BreadcrumbList\",\"@id\":\"https:\/\/www.domainevalga.com\/en\/hebergement\/auberge\/#breadcrumb\",\"itemListElement\":[{\"@type\":\"ListItem\",\"position\":1,\"name\":\"Accueil\",\"item\":\"https:\/\/www.domainevalga.com\/en\/\"},{\"@type\":\"ListItem\",\"position\":2,\"name\":\"Forfaits et H\\u00e9bergement\",\"item\":\"https:\/\/www.domainevalga.com\/en\/hebergement\/\"},{\"@type\":\"ListItem\",\"position\":3,\"name\":\"Auberge\"}]}]}<\/script>\n<!-- \/ Yoast SEO plugin. -->","yoast_head_json":{"title":"Auberge - Domaine Valga et For\u00eat de Ma\u00eetre Corbeau : Auberge, Chalets, Sentiers a\u00e9riens","description":"Chambres avec salle de bain priv\u00e9e et Chambres avec salles de bain partag\u00e9es.","robots":{"index":"index","follow":"follow","max-snippet":"max-snippet:-1","max-image-preview":"max-image-preview:large","max-video-preview":"max-video-preview:-1"},"canonical":"https:\/\/www.domainevalga.com\/en\/hebergement\/auberge\/","og_locale":"fr_CA","og_type":"article","og_title":"Auberge - Domaine Valga et For\u00eat de Ma\u00eetre Corbeau : Auberge, Chalets, Sentiers a\u00e9riens","og_description":"Chambres avec salle de bain priv\u00e9e et Chambres avec salles de bain partag\u00e9es.","og_url":"https:\/\/www.domainevalga.com\/en\/hebergement\/auberge\/","og_site_name":"Domaine Valga et For\u00eat de Ma\u00eetre Corbeau : Auberge, Chalets, Sentiers a\u00e9riens","article_modified_time":"2025-12-11T20:32:39+00:00","twitter_card":"summary_large_image","twitter_misc":{"Estimation du temps de lecture":"4 minutes"},"schema":{"@context":"https:\/\/schema.org","@graph":[{"@type":"WebSite","@id":"https:\/\/www.domainevalga.com\/en\/#website","url":"https:\/\/www.domainevalga.com\/en\/","name":"Domaine Valga et For\u00eat de Ma\u00eetre Corbeau : Auberge, Chalets, Sentiers a\u00e9riens","description":"Situ\u00e9 dans le Bas-Saint-Laurent pr\u00e8s de Rimouski, Domaine Valga est un centre de vill\u00e9giature au milieu de la nature avec auberge et chalets rustiques. La For\u00eat de Ma\u00eetre Corbeau est un parc de sentiers a\u00e9riens dans les arbres commun\u00e9ment appel\u00e9 : h\u00e9bertiste. Le parc poss\u00e8de la plus longue tyrolienne au Qu\u00e9bec.","potentialAction":[{"@type":"SearchAction","target":{"@type":"EntryPoint","urlTemplate":"https:\/\/www.domainevalga.com\/en\/?s={search_term_string}"},"query-input":"required name=search_term_string"}],"inLanguage":"fr-CA"},{"@type":"WebPage","@id":"https:\/\/www.domainevalga.com\/en\/hebergement\/auberge\/#webpage","url":"https:\/\/www.domainevalga.com\/en\/hebergement\/auberge\/","name":"Auberge - Domaine Valga et For\u00eat de Ma\u00eetre Corbeau : Auberge, Chalets, Sentiers a\u00e9riens","isPartOf":{"@id":"https:\/\/www.domainevalga.com\/en\/#website"},"datePublished":"2021-11-19T01:42:18+00:00","dateModified":"2025-12-11T20:32:39+00:00","description":"Chambres avec salle de bain priv\u00e9e et Chambres avec salles de bain partag\u00e9es.","breadcrumb":{"@id":"https:\/\/www.domainevalga.com\/en\/hebergement\/auberge\/#breadcrumb"},"inLanguage":"fr-CA","potentialAction":[{"@type":"ReadAction","target":["https:\/\/www.domainevalga.com\/en\/hebergement\/auberge\/"]}]},{"@type":"BreadcrumbList","@id":"https:\/\/www.domainevalga.com\/en\/hebergement\/auberge\/#breadcrumb","itemListElement":[{"@type":"ListItem","position":1,"name":"Accueil","item":"https:\/\/www.domainevalga.com\/en\/"},{"@type":"ListItem","position":2,"name":"Forfaits et H\u00e9bergement","item":"https:\/\/www.domainevalga.com\/en\/hebergement\/"},{"@type":"ListItem","position":3,"name":"Auberge"}]}]}},"acf":[],"_links":{"self":[{"href":"https:\/\/www.domainevalga.com\/en\/wp-json\/wp\/v2\/pages\/586"}],"collection":[{"href":"https:\/\/www.domainevalga.com\/en\/wp-json\/wp\/v2\/pages"}],"about":[{"href":"https:\/\/www.domainevalga.com\/en\/wp-json\/wp\/v2\/types\/page"}],"author":[{"embeddable":true,"href":"https:\/\/www.domainevalga.com\/en\/wp-json\/wp\/v2\/users\/1"}],"replies":[{"embeddable":true,"href":"https:\/\/www.domainevalga.com\/en\/wp-json\/wp\/v2\/comments?post=586"}],"version-history":[{"count":32,"href":"https:\/\/www.domainevalga.com\/en\/wp-json\/wp\/v2\/pages\/586\/revisions"}],"predecessor-version":[{"id":1438,"href":"https:\/\/www.domainevalga.com\/en\/wp-json\/wp\/v2\/pages\/586\/revisions\/1438"}],"up":[{"embeddable":true,"href":"https:\/\/www.domainevalga.com\/en\/wp-json\/wp\/v2\/pages\/1041"}],"wp:attachment":[{"href":"https:\/\/www.domainevalga.com\/en\/wp-json\/wp\/v2\/media?parent=586"}],"curies":[{"name":"wp","href":"https:\/\/api.w.org\/{rel}","templated":true}]}}